{"id":2136,"date":"2018-07-09T06:07:40","date_gmt":"2018-07-09T06:07:40","guid":{"rendered":"https:\/\/www.lumilajitliikuttavat.fi\/forsta-sidan\/"},"modified":"2022-11-10T09:42:30","modified_gmt":"2022-11-10T09:42:30","slug":"forsta-sidan","status":"publish","type":"page","link":"https:\/\/www.lumilajitliikuttavat.fi\/sv\/forsta-sidan\/","title":{"rendered":"F\u00f6rsta sidan"},"content":{"rendered":"<div class=\"wpb-content-wrapper\">[mk_page_section bg_image=&#8221;https:\/\/www.lumilajitliikuttavat.fi\/wp-content\/uploads\/2017\/08\/n1_2035.jpg&#8221; bg_position=&#8221;center center&#8221; bg_repeat=&#8221;no-repeat&#8221; bg_stretch=&#8221;true&#8221; enable_3d=&#8221;true&#8221; bg_video=&#8221;yes&#8221; video_source=&#8221;social&#8221; stream_video_id=&#8221;eF3rI19zEFk&#8221; video_color_mask=&#8221;#00b7ce&#8221; video_opacity=&#8221;0.5&#8243; full_width=&#8221;true&#8221; sidebar=&#8221;sidebar-1&#8243;][vc_column width=&#8221;1\/6&#8243;][\/vc_column][vc_column width=&#8221;2\/3&#8243;][mk_padding_divider size=&#8221;200&#8243;][mk_padding_divider size=&#8221;80&#8243; visibility=&#8221;hidden-sm&#8221;][mk_fancy_title strip_tags=&#8221;true&#8221; tag_name=&#8221;h1&#8243; color=&#8221;#ffffff&#8221; size=&#8221;50&#8243; force_font_size=&#8221;true&#8221; size_tablet=&#8221;50&#8243; size_phone=&#8221;45&#8243; font_weight=&#8221;600&#8243; margin_bottom=&#8221;0&#8243; font_family=&#8221;none&#8221; align=&#8221;center&#8221; animation=&#8221;fade-in&#8221;]R\u00d6R DIG OCH GE DIG UT P\u00c5 ETT \u00c4VENTYR MED TUISKU[\/mk_fancy_title][mk_padding_divider size=&#8221;60&#8243;][mk_padding_divider size=&#8221;60&#8243; visibility=&#8221;hidden-sm&#8221;][mk_clients style=&#8221;column&#8221; border_style=&#8221;opened_edges&#8221; count=&#8221;3&#8243; orderby=&#8221;post__in&#8221; autoplay=&#8221;false&#8221; target=&#8221;_blank&#8221; margin_bottom=&#8221;0&#8243; clients=&#8221;1522, 1510, 1520&#8243;][mk_padding_divider size=&#8221;50&#8243;][\/vc_column][vc_column width=&#8221;1\/6&#8243;][\/vc_column][\/mk_page_section][vc_row][vc_column width=&#8221;1\/6&#8243;][\/vc_column][vc_column width=&#8221;2\/3&#8243;][mk_padding_divider size=&#8221;50&#8243;][mk_padding_divider size=&#8221;50&#8243; visibility=&#8221;hidden-sm&#8221;][vc_custom_heading text=&#8221;Lumilajit liikuttavat \u00e4r ett gemensamt projekt av Finska Skidf\u00f6rbundet och Finska Skidskyttef\u00f6rbundet, vars m\u00e5l \u00e4r att p\u00e5 ett m\u00e5ngsidigt s\u00e4tt f\u00e5 familjer och speciellt barn i r\u00f6relse p\u00e5 sn\u00f6 p\u00e5 nya s\u00e4tt samt utveckla samarbetet mellan f\u00f6reningar och skolor.&#8221; font_container=&#8221;tag:h3|text_align:center|color:%2300b7ce&#8221; use_theme_fonts=&#8221;yes&#8221;][mk_padding_divider][mk_padding_divider size=&#8221;50&#8243; visibility=&#8221;hidden-sm&#8221;][\/vc_column][vc_column width=&#8221;1\/6&#8243;][\/vc_column][\/vc_row][vc_row][vc_column width=&#8221;1\/4&#8243;][mk_custom_box bg_image=&#8221;https:\/\/www.lumilajitliikuttavat.fi\/wp-content\/uploads\/2017\/08\/n1_8034.jpg&#8221; background_hov_color_style=&#8221;image&#8221; overlay_color=&#8221;rgba(238,62,128,0.55)&#8221; bg_image_hov_effect=&#8221;zoom-in&#8221; bg_stretch=&#8221;true&#8221;][mk_padding_divider size=&#8221;80&#8243;][mk_fancy_title strip_tags=&#8221;true&#8221; color=&#8221;#ffffff&#8221; size=&#8221;40&#8243; force_font_size=&#8221;true&#8221; size_tablet=&#8221;25&#8243; size_phone=&#8221;32&#8243; font_weight=&#8221;600&#8243; margin_bottom=&#8221;0&#8243; font_family=&#8221;none&#8221; align=&#8221;center&#8221;]Tuiskus skolor[\/mk_fancy_title][mk_button dimension=&#8221;outline&#8221; corner_style=&#8221;rounded&#8221; size=&#8221;medium&#8221; url=&#8221;\/sv\/tuiskus-skolor\/&#8221; align=&#8221;center&#8221; margin_bottom=&#8221;0&#8243; margin_right=&#8221;0&#8243; outline_skin=&#8221;light&#8221;]L\u00e4s mer[\/mk_button][mk_padding_divider size=&#8221;80&#8243;][\/mk_custom_box][\/vc_column][vc_column width=&#8221;1\/4&#8243;][mk_custom_box bg_image=&#8221;https:\/\/www.lumilajitliikuttavat.fi\/wp-content\/uploads\/2017\/08\/n1_7043.jpg&#8221; background_hov_color_style=&#8221;image&#8221; overlay_color=&#8221;rgba(238,62,128,0.55)&#8221; bg_image_hov_effect=&#8221;zoom-in&#8221; bg_stretch=&#8221;true&#8221;][mk_padding_divider size=&#8221;80&#8243;][mk_fancy_title strip_tags=&#8221;true&#8221; color=&#8221;#ffffff&#8221; size=&#8221;40&#8243; force_font_size=&#8221;true&#8221; size_tablet=&#8221;25&#8243; size_phone=&#8221;32&#8243; font_weight=&#8221;600&#8243; margin_bottom=&#8221;0&#8243; font_family=&#8221;none&#8221; align=&#8221;center&#8221;]Barnens Sn\u00f6dagar[\/mk_fancy_title][mk_button dimension=&#8221;outline&#8221; corner_style=&#8221;rounded&#8221; size=&#8221;medium&#8221; url=&#8221;\/sv\/snodagar\/&#8221; align=&#8221;center&#8221; margin_bottom=&#8221;0&#8243; margin_right=&#8221;0&#8243; outline_skin=&#8221;light&#8221;]L\u00e4s mer[\/mk_button][mk_padding_divider size=&#8221;80&#8243;][\/mk_custom_box][\/vc_column][vc_column width=&#8221;1\/4&#8243;][mk_custom_box bg_image=&#8221;https:\/\/www.lumilajitliikuttavat.fi\/wp-content\/uploads\/2017\/08\/n1_2891.jpg&#8221; background_hov_color_style=&#8221;image&#8221; overlay_color=&#8221;rgba(0,183,206,0.55)&#8221; bg_image_hov_effect=&#8221;zoom-in&#8221; bg_stretch=&#8221;true&#8221;][mk_padding_divider size=&#8221;80&#8243;][mk_fancy_title strip_tags=&#8221;true&#8221; color=&#8221;#ffffff&#8221; size=&#8221;40&#8243; force_font_size=&#8221;true&#8221; size_tablet=&#8221;25&#8243; size_phone=&#8221;32&#8243; font_weight=&#8221;600&#8243; margin_bottom=&#8221;0&#8243; font_family=&#8221;none&#8221; align=&#8221;center&#8221;]Vinter sport f\u00f6r l\u00e4rare[\/mk_fancy_title][mk_button dimension=&#8221;outline&#8221; corner_style=&#8221;rounded&#8221; size=&#8221;medium&#8221; url=&#8221;\/sv\/for-larare\/&#8221; align=&#8221;center&#8221; margin_bottom=&#8221;0&#8243; margin_right=&#8221;0&#8243; outline_skin=&#8221;light&#8221;]L\u00e4s mer[\/mk_button][mk_padding_divider size=&#8221;48&#8243;][mk_padding_divider size=&#8221;32&#8243; visibility=&#8221;hidden-tl&#8221;][\/mk_custom_box][\/vc_column][vc_column width=&#8221;1\/4&#8243;][mk_custom_box bg_image=&#8221;https:\/\/www.lumilajitliikuttavat.fi\/wp-content\/uploads\/2017\/08\/n1_1798.jpg&#8221; background_hov_color_style=&#8221;image&#8221; overlay_color=&#8221;rgba(0,183,206,0.55)&#8221; bg_image_hov_effect=&#8221;zoom-in&#8221; bg_stretch=&#8221;true&#8221;][mk_padding_divider size=&#8221;80&#8243;][mk_fancy_title strip_tags=&#8221;true&#8221; color=&#8221;#ffffff&#8221; size=&#8221;40&#8243; force_font_size=&#8221;true&#8221; size_tablet=&#8221;25&#8243; size_phone=&#8221;32&#8243; font_weight=&#8221;600&#8243; margin_bottom=&#8221;0&#8243; font_family=&#8221;none&#8221; align=&#8221;center&#8221;]Videor[\/mk_fancy_title][mk_button dimension=&#8221;outline&#8221; corner_style=&#8221;rounded&#8221; size=&#8221;medium&#8221; url=&#8221;https:\/\/www.youtube.com\/playlist?list=PLHX0Yukfly23UQvcHsWD5ybKIPD_DoECq&#8221; align=&#8221;center&#8221; margin_bottom=&#8221;0&#8243; margin_right=&#8221;0&#8243; outline_skin=&#8221;light&#8221;]L\u00e4s mer[\/mk_button][mk_padding_divider size=&#8221;112&#8243;][mk_padding_divider size=&#8221;20&#8243; visibility=&#8221;hidden-tl&#8221;][\/mk_custom_box][\/vc_column][\/vc_row][vc_row fullwidth=&#8221;true&#8221; fullwidth_content=&#8221;false&#8221;][vc_column][mk_padding_divider size=&#8221;65&#8243;][mk_padding_divider size=&#8221;25&#8243; visibility=&#8221;hidden-sm&#8221;][\/vc_column][\/vc_row][vc_row disable_element=&#8221;yes&#8221;][vc_column][mk_image src=&#8221;https:\/\/www.lumilajitliikuttavat.fi\/wp-content\/uploads\/2018\/05\/image002.jpg&#8221; image_size=&#8221;full&#8221; link=&#8221;https:\/\/www.hiihtoliitto.fi\/lumilajitliikuttavat\/lastenlumipaivat\/hae-lasten-lumipaivien-jarjestajaksi-kaudelle-2017-2018\/&#8221; target=&#8221;_blank&#8221; align=&#8221;center&#8221; margin_bottom=&#8221;0&#8243;][\/vc_column][\/vc_row][vc_row disable_element=&#8221;yes&#8221;][vc_column][mk_padding_divider][mk_padding_divider][\/vc_column][\/vc_row][mk_page_section bg_image=&#8221;http:\/\/lumilajitliikuttavat.fi.www21.zoner-asiakas.fi\/wp-content\/uploads\/2017\/08\/n1_7153.jpg&#8221; bg_image_portrait=&#8221;http:\/\/lumilajitliikuttavat.fi.www21.zoner-asiakas.fi\/wp-content\/uploads\/2017\/08\/n1_7153.jpg&#8221; bg_position=&#8221;right center&#8221; bg_stretch=&#8221;true&#8221; enable_3d=&#8221;true&#8221; video_color_mask=&#8221;#00b7ce&#8221; min_height=&#8221;300&#8243; full_width=&#8221;true&#8221; sidebar=&#8221;sidebar-1&#8243;][vc_column width=&#8221;1\/4&#8243;][mk_padding_divider size=&#8221;80&#8243;][mk_padding_divider size=&#8221;50&#8243; visibility=&#8221;hidden-sm&#8221;][mk_image src=&#8221;https:\/\/www.lumilajitliikuttavat.fi\/wp-content\/uploads\/2021\/10\/sk_award_logo_cmyk_winner_2020-01.png&#8221; image_size=&#8221;logo&#8221; link=&#8221;https:\/\/snowkidz.com\/en\/Service\/Awards&#8221; target=&#8221;_blank&#8221; align=&#8221;center&#8221; margin_bottom=&#8221;0&#8243;][mk_padding_divider size=&#8221;60&#8243; visibility=&#8221;hidden-sm&#8221;][\/vc_column][vc_column width=&#8221;1\/4&#8243;][mk_padding_divider][mk_padding_divider size=&#8221;60&#8243; visibility=&#8221;hidden-sm&#8221;][mk_milestone align=&#8221;center&#8221; stop=&#8221;12000&#8243; text=&#8221;Barnen&#8221; text_color=&#8221;#ffffff&#8221; text_size=&#8221;35&#8243; font_family=&#8221;Rubik&#8221; font_type=&#8221;google&#8221; desc_size=&#8221;25&#8243;][mk_padding_divider size=&#8221;80&#8243; visibility=&#8221;hidden-sm&#8221;][\/vc_column][vc_column width=&#8221;1\/4&#8243;][mk_padding_divider size=&#8221;20&#8243;][mk_padding_divider size=&#8221;80&#8243; visibility=&#8221;hidden-sm&#8221;][mk_milestone align=&#8221;center&#8221; stop=&#8221;1000&#8243; text=&#8221;Familjer&#8221; text_color=&#8221;#ffffff&#8221; text_size=&#8221;35&#8243; font_family=&#8221;Rubik&#8221; font_type=&#8221;google&#8221; desc_size=&#8221;25&#8243;][mk_padding_divider size=&#8221;80&#8243; visibility=&#8221;hidden-sm&#8221;][\/vc_column][vc_column width=&#8221;1\/4&#8243;][mk_padding_divider size=&#8221;20&#8243;][mk_padding_divider size=&#8221;80&#8243; visibility=&#8221;hidden-sm&#8221;][mk_milestone align=&#8221;center&#8221; stop=&#8221;400&#8243; text=&#8221;L\u00e4rarer&#8221; text_color=&#8221;#ffffff&#8221; text_size=&#8221;35&#8243; font_family=&#8221;Rubik&#8221; font_type=&#8221;google&#8221; desc_size=&#8221;25&#8243;][mk_padding_divider visibility=&#8221;hidden-sm&#8221;][mk_padding_divider][\/vc_column][\/mk_page_section][vc_row][vc_column][mk_padding_divider size=&#8221;70&#8243;][mk_padding_divider size=&#8221;20&#8243; visibility=&#8221;hidden-sm&#8221;][vc_custom_heading text=&#8221;F\u00f6lj oss p\u00e5 sociala medier&#8221; font_container=&#8221;tag:h2|text_align:center|color:%2300b7ce&#8221; use_theme_fonts=&#8221;yes&#8221;][vc_custom_heading text=&#8221;#tuiskuseikkailee&#8221; font_container=&#8221;tag:h2|text_align:center|color:%23c83575&#8243; use_theme_fonts=&#8221;yes&#8221;][mk_social_networks size=&#8221;medium&#8221; style=&#8221;simple&#8221; margin=&#8221;10&#8243; icon_color=&#8221;#00b7ce&#8221; icon_hover_color=&#8221;#0084cc&#8221; align=&#8221;center&#8221; facebook=&#8221;https:\/\/www.facebook.com\/lumilajitliikuttavat\/?ref=ts&amp;fref=ts&#8221; twitter=&#8221;https:\/\/twitter.com\/lumilajit&#8221; instagram=&#8221;https:\/\/www.instagram.com\/lumilajitliikuttavat\/&#8221; youtube=&#8221;https:\/\/www.youtube.com\/playlist?list=PLHX0Yukfly23UQvcHsWD5ybKIPD_DoECq&#8221;][\/vc_column][\/vc_row][vc_row][vc_column][ff id=&#8221;1&#8243;][\/vc_column][\/vc_row][vc_row fullwidth=&#8221;true&#8221;][vc_column width=&#8221;1\/6&#8243;][\/vc_column][vc_column width=&#8221;2\/3&#8243;][mk_padding_divider][mk_padding_divider size=&#8221;60&#8243; visibility=&#8221;hidden-sm&#8221;][mk_fancy_title strip_tags=&#8221;true&#8221; color=&#8221;#c83575&#8243; size=&#8221;35&#8243; force_font_size=&#8221;true&#8221; size_tablet=&#8221;30&#8243; size_phone=&#8221;30&#8243; font_weight=&#8221;600&#8243; margin_bottom=&#8221;0&#8243; font_family=&#8221;none&#8221; align=&#8221;center&#8221;]I samarbetet[\/mk_fancy_title][mk_padding_divider][mk_clients style=&#8221;column&#8221; border_style=&#8221;opened_edges&#8221; column=&#8221;5&#8243; count=&#8221;6&#8243; margin_bottom=&#8221;0&#8243; clients=&#8221;1504, 1500, 1514, 1490, 1494, 4301, 4303, 4290, 4295, 4299, 1506, 316&#8243;][\/vc_column][vc_column width=&#8221;1\/6&#8243;][\/vc_column][\/vc_row][vc_row][vc_column][mk_padding_divider size=&#8221;55&#8243;][mk_padding_divider size=&#8221;55&#8243; visibility=&#8221;hidden-sm&#8221;][\/vc_column][\/vc_row]\n<\/div>","protected":false},"excerpt":{"rendered":"<p>[mk_page_section bg_image=&#8221;https:\/\/www.lumilajitliikuttavat.fi\/wp-content\/uploads\/2017\/08\/n1_2035.jpg&#8221; bg_position=&#8221;center center&#8221; bg_repeat=&#8221;no-repeat&#8221; bg_stretch=&#8221;true&#8221; enable_3d=&#8221;true&#8221; bg_video=&#8221;yes&#8221; video_source=&#8221;social&#8221; stream_video_id=&#8221;eF3rI19zEFk&#8221; video_color_mask=&#8221;#00b7ce&#8221; video_opacity=&#8221;0.5&#8243; full_width=&#8221;true&#8221; sidebar=&#8221;sidebar-1&#8243;][vc_column width=&#8221;1\/6&#8243;][\/vc_column][vc_column width=&#8221;2\/3&#8243;][mk_padding_divider size=&#8221;200&#8243;][mk_padding_divider size=&#8221;80&#8243; visibility=&#8221;hidden-sm&#8221;][mk_fancy_title strip_tags=&#8221;true&#8221; tag_name=&#8221;h1&#8243; color=&#8221;#ffffff&#8221; size=&#8221;50&#8243; force_font_size=&#8221;true&#8221; size_tablet=&#8221;50&#8243; size_phone=&#8221;45&#8243; font_weight=&#8221;600&#8243; margin_bottom=&#8221;0&#8243; font_family=&#8221;none&#8221; align=&#8221;center&#8221; animation=&#8221;fade-in&#8221;]R\u00d6R DIG OCH GE DIG UT P\u00c5 ETT \u00c4VENTYR MED TUISKU[\/mk_fancy_title][mk_padding_divider size=&#8221;60&#8243;][mk_padding_divider size=&#8221;60&#8243; visibility=&#8221;hidden-sm&#8221;][mk_clients style=&#8221;column&#8221; border_style=&#8221;opened_edges&#8221; count=&#8221;3&#8243; orderby=&#8221;post__in&#8221; autoplay=&#8221;false&#8221; target=&#8221;_blank&#8221; margin_bottom=&#8221;0&#8243; clients=&#8221;1522, 1510, 1520&#8243;][mk_padding_divider size=&#8221;50&#8243;][\/vc_column][vc_column [&hellip;]<\/p>\n","protected":false},"author":6,"featured_media":0,"parent":0,"menu_order":0,"comment_status":"closed","ping_status":"closed","template":"","meta":{"footnotes":""},"class_list":["post-2136","page","type-page","status-publish","hentry"],"aioseo_notices":[],"_links":{"self":[{"href":"https:\/\/www.lumilajitliikuttavat.fi\/sv\/wp-json\/wp\/v2\/pages\/2136","targetHints":{"allow":["GET"]}}],"collection":[{"href":"https:\/\/www.lumilajitliikuttavat.fi\/sv\/wp-json\/wp\/v2\/pages"}],"about":[{"href":"https:\/\/www.lumilajitliikuttavat.fi\/sv\/wp-json\/wp\/v2\/types\/page"}],"author":[{"embeddable":true,"href":"https:\/\/www.lumilajitliikuttavat.fi\/sv\/wp-json\/wp\/v2\/users\/6"}],"replies":[{"embeddable":true,"href":"https:\/\/www.lumilajitliikuttavat.fi\/sv\/wp-json\/wp\/v2\/comments?post=2136"}],"version-history":[{"count":28,"href":"https:\/\/www.lumilajitliikuttavat.fi\/sv\/wp-json\/wp\/v2\/pages\/2136\/revisions"}],"predecessor-version":[{"id":4311,"href":"https:\/\/www.lumilajitliikuttavat.fi\/sv\/wp-json\/wp\/v2\/pages\/2136\/revisions\/4311"}],"wp:attachment":[{"href":"https:\/\/www.lumilajitliikuttavat.fi\/sv\/wp-json\/wp\/v2\/media?parent=2136"}],"curies":[{"name":"wp","href":"https:\/\/api.w.org\/{rel}","templated":true}]}}