{"id":2150,"date":"2018-07-09T06:26:07","date_gmt":"2018-07-09T06:26:07","guid":{"rendered":"https:\/\/www.lumilajitliikuttavat.fi\/tuiskus-skolor\/"},"modified":"2018-12-13T09:46:28","modified_gmt":"2018-12-13T09:46:28","slug":"tuiskus-skolor","status":"publish","type":"page","link":"https:\/\/www.lumilajitliikuttavat.fi\/sv\/tuiskus-skolor\/","title":{"rendered":"Tuiskus skolor"},"content":{"rendered":"<div class=\"wpb-content-wrapper\">[mk_page_section bg_image=&#8221;https:\/\/www.lumilajitliikuttavat.fi\/wp-content\/uploads\/2017\/08\/n1_8034.jpg&#8221; bg_position=&#8221;center center&#8221; bg_repeat=&#8221;no-repeat&#8221; bg_stretch=&#8221;true&#8221; enable_3d=&#8221;true&#8221; video_color_mask=&#8221;#00b7ce&#8221; video_opacity=&#8221;0.4&#8243; full_width=&#8221;true&#8221; sidebar=&#8221;sidebar-1&#8243;][vc_column][mk_padding_divider size=&#8221;185&#8243;][mk_padding_divider size=&#8221;65&#8243; visibility=&#8221;hidden-sm&#8221;][mk_fancy_title strip_tags=&#8221;true&#8221; tag_name=&#8221;h1&#8243; color=&#8221;#ffffff&#8221; size=&#8221;55&#8243; force_font_size=&#8221;true&#8221; size_smallscreen=&#8221;&#8221; size_tablet=&#8221;45&#8243; size_phone=&#8221;40&#8243; font_weight=&#8221;600&#8243; margin_bottom=&#8221;0&#8243; font_family=&#8221;none&#8221; align=&#8221;center&#8221; animation=&#8221;fade-in&#8221;]Tuiskus Sportskolor[\/mk_fancy_title][mk_padding_divider size=&#8221;125&#8243; visibility=&#8221;hidden-sm&#8221;][mk_padding_divider size=&#8221;125&#8243;][\/vc_column][\/mk_page_section][vc_row][vc_column][mk_padding_divider size=&#8221;45&#8243;][mk_padding_divider size=&#8221;25&#8243; visibility=&#8221;hidden-sm&#8221;][mk_fancy_title strip_tags=&#8221;true&#8221; color=&#8221;#00b7ce&#8221; size=&#8221;30&#8243; force_font_size=&#8221;true&#8221; size_smallscreen=&#8221;&#8221; size_tablet=&#8221;25&#8243; size_phone=&#8221;25&#8243; font_weight=&#8221;600&#8243; margin_bottom=&#8221;0&#8243; font_family=&#8221;none&#8221; align=&#8221;center&#8221;]Tuisku tar dig djupare in i vinter sport v\u00e4rlden![\/mk_fancy_title][mk_padding_divider size=&#8221;30&#8243;][mk_padding_divider size=&#8221;30&#8243; visibility=&#8221;hidden-sm&#8221;][\/vc_column][\/vc_row][vc_row][vc_column width=&#8221;1\/4&#8243;][mk_custom_box bg_image=&#8221;https:\/\/www.lumilajitliikuttavat.fi\/wp-content\/uploads\/2017\/08\/seinajoki-2017_lapsetpujottelee.jpg&#8221; background_hov_color_style=&#8221;image&#8221; overlay_color=&#8221;rgba(238,62,128,0.55)&#8221; bg_image_hov_effect=&#8221;zoom-in&#8221; bg_stretch=&#8221;true&#8221;][mk_padding_divider size=&#8221;80&#8243;][mk_fancy_title strip_tags=&#8221;true&#8221; color=&#8221;#ffffff&#8221; size=&#8221;35&#8243; force_font_size=&#8221;true&#8221; size_tablet=&#8221;20&#8243; size_phone=&#8221;30&#8243; font_weight=&#8221;600&#8243; margin_bottom=&#8221;0&#8243; font_family=&#8221;none&#8221; align=&#8221;center&#8221;]Tuiskus vinter sportskola[\/mk_fancy_title][mk_button dimension=&#8221;outline&#8221; corner_style=&#8221;rounded&#8221; size=&#8221;medium&#8221; url=&#8221;sv\/tuiskus-vinter-sportskola\/&#8221; align=&#8221;center&#8221; margin_bottom=&#8221;0&#8243; margin_right=&#8221;0&#8243; outline_skin=&#8221;light&#8221;]L\u00e4s mer[\/mk_button][mk_padding_divider size=&#8221;80&#8243;][\/mk_custom_box][\/vc_column][vc_column width=&#8221;1\/4&#8243;][mk_custom_box bg_image=&#8221;https:\/\/www.lumilajitliikuttavat.fi\/wp-content\/uploads\/2017\/08\/n1_7043.jpg&#8221; background_hov_color_style=&#8221;image&#8221; overlay_color=&#8221;rgba(238,62,128,0.55)&#8221; bg_image_hov_effect=&#8221;zoom-in&#8221; bg_stretch=&#8221;true&#8221;][mk_padding_divider size=&#8221;80&#8243;][mk_fancy_title strip_tags=&#8221;true&#8221; color=&#8221;#ffffff&#8221; size=&#8221;35&#8243; force_font_size=&#8221;true&#8221; size_tablet=&#8221;20&#8243; size_phone=&#8221;30&#8243; font_weight=&#8221;600&#8243; margin_bottom=&#8221;0&#8243; font_family=&#8221;none&#8221; align=&#8221;center&#8221;]Tuiskus Latukone[\/mk_fancy_title][mk_button dimension=&#8221;outline&#8221; corner_style=&#8221;rounded&#8221; size=&#8221;medium&#8221; url=&#8221;\/sv\/tuiskus-latukone\/&#8221; align=&#8221;center&#8221; margin_bottom=&#8221;0&#8243; margin_right=&#8221;0&#8243; outline_skin=&#8221;light&#8221;]L\u00e4s mer[\/mk_button][mk_padding_divider size=&#8221;80&#8243;][\/mk_custom_box][\/vc_column][vc_column width=&#8221;1\/4&#8243;][mk_custom_box bg_image=&#8221;https:\/\/www.lumilajitliikuttavat.fi\/wp-content\/uploads\/2017\/08\/hameenlinna-2017_poikahyppaa.jpg&#8221; background_hov_color_style=&#8221;image&#8221; overlay_color=&#8221;rgba(0,183,206,0.55)&#8221; bg_image_hov_effect=&#8221;zoom-in&#8221; bg_stretch=&#8221;true&#8221;][mk_padding_divider size=&#8221;80&#8243;][mk_fancy_title strip_tags=&#8221;true&#8221; color=&#8221;#ffffff&#8221; size=&#8221;35&#8243; force_font_size=&#8221;true&#8221; size_tablet=&#8221;20&#8243; size_phone=&#8221;30&#8243; font_weight=&#8221;600&#8243; margin_bottom=&#8221;0&#8243; font_family=&#8221;none&#8221; align=&#8221;center&#8221;]Tuiskus M\u00e4kikotka[\/mk_fancy_title][mk_button dimension=&#8221;outline&#8221; corner_style=&#8221;rounded&#8221; size=&#8221;medium&#8221; url=&#8221;\/sv\/tuiskus-makikotka\/&#8221; align=&#8221;center&#8221; margin_bottom=&#8221;0&#8243; margin_right=&#8221;0&#8243; outline_skin=&#8221;light&#8221;]L\u00e4s mer[\/mk_button][mk_padding_divider size=&#8221;80&#8243;][\/mk_custom_box][\/vc_column][vc_column width=&#8221;1\/4&#8243;][mk_custom_box bg_image=&#8221;https:\/\/www.lumilajitliikuttavat.fi\/wp-content\/uploads\/2017\/08\/n1_1798.jpg&#8221; background_hov_color_style=&#8221;image&#8221; overlay_color=&#8221;rgba(0,183,206,0.55)&#8221; bg_image_hov_effect=&#8221;zoom-in&#8221; bg_stretch=&#8221;true&#8221;][mk_padding_divider size=&#8221;80&#8243;][mk_fancy_title strip_tags=&#8221;true&#8221; color=&#8221;#ffffff&#8221; size=&#8221;35&#8243; force_font_size=&#8221;true&#8221; size_tablet=&#8221;20&#8243; size_phone=&#8221;30&#8243; font_weight=&#8221;600&#8243; margin_bottom=&#8221;0&#8243; font_family=&#8221;none&#8221; align=&#8221;center&#8221;]Tuiskus Amppari[\/mk_fancy_title][mk_button dimension=&#8221;outline&#8221; corner_style=&#8221;rounded&#8221; size=&#8221;medium&#8221; url=&#8221;\/sv\/tuiskus-amppari\/&#8221; align=&#8221;center&#8221; margin_bottom=&#8221;0&#8243; margin_right=&#8221;0&#8243; outline_skin=&#8221;light&#8221;]L\u00e4s mer[\/mk_button][mk_padding_divider size=&#8221;80&#8243;][\/mk_custom_box][\/vc_column][\/vc_row][vc_row][vc_column][mk_padding_divider size=&#8221;30&#8243;][mk_padding_divider size=&#8221;30&#8243; visibility=&#8221;hidden-sm&#8221;][\/vc_column][\/vc_row][vc_row][vc_column width=&#8221;1\/2&#8243;][mk_fancy_title strip_tags=&#8221;true&#8221; color=&#8221;#c83575&#8243; size=&#8221;30&#8243; force_font_size=&#8221;true&#8221; size_tablet=&#8221;25&#8243; size_phone=&#8221;25&#8243; font_weight=&#8221;600&#8243; margin_bottom=&#8221;0&#8243; font_family=&#8221;none&#8221; responsive_align=&#8221;left&#8221;]Tuiskus vinter sportskola[\/mk_fancy_title][vc_column_text css=&#8221;.vc_custom_1532967708260{margin-bottom: 0px !important;}&#8221;]Tuisku inspirerar p\u00e5 ett m\u00e5ngsidigt och roligt s\u00e4tt att pr\u00f6va p\u00e5 skidskytte, backhoppning och l\u00e4ngd\u00e5kning med en fyra g\u00e5ngers prova-p\u00e5 produkt.<\/p>\n<p>Tuiskus vinter sportskola best\u00e5r av fyra stycken en och en halv timmes tr\u00e4ningspass i l\u00e4ngd\u00e5kningens, backhoppningens, skidskyttes och skidcrossens v\u00e4rld. Varje g\u00e5ng \u00f6var vi gren\u00f6verskridande f\u00e4rdigheter med barn och utvecklar olika egenskaper \u2013 \u00a0kvalitet, m\u00e5ngsidighet och skoj genom att betona samarbetet och s\u00e4kerhet.[\/vc_column_text][\/vc_column][vc_column width=&#8221;1\/2&#8243;][mk_fancy_title strip_tags=&#8221;true&#8221; color=&#8221;#c83575&#8243; size=&#8221;30&#8243; force_font_size=&#8221;true&#8221; size_tablet=&#8221;25&#8243; size_phone=&#8221;25&#8243; font_weight=&#8221;600&#8243; margin_bottom=&#8221;0&#8243; font_family=&#8221;none&#8221; responsive_align=&#8221;left&#8221;]Tuiskus Sportskolor\u00a0&#8211; Latukone, M\u00e4kikotka och Amppari[\/mk_fancy_title][vc_column_text css=&#8221;.vc_custom_1531130904310{margin-bottom: 0px !important;}&#8221;]Tuiskus Sportskola-produkten best\u00e5r av l\u00e4ngd\u00e5kningens, skidskyttes och backhoppningens produktpaket och med hj\u00e4lp av dem \u00e4r det l\u00e4tt f\u00f6r f\u00f6reningar att utveckla sin sportskolverksamhet.<\/p>\n<p>Sportskolorna \u00e4r roliga och m\u00e5ngsidiga, d\u00e4r man b\u00e5de beaktar utveckling av barnens motoriska grundf\u00e4rdigheter samt grenskicklighet. Varje sportskola best\u00e5r av 20 g\u00e5nger,\u00a0 varefter barnen beh\u00e4rskar grenens basf\u00e4rdigheter p\u00e5 ett m\u00e5ngsidigt s\u00e4tt.<\/p>\n<p>Tuiskus Sportskolor lockar ocks\u00e5 f\u00f6r\u00e4ldrarna in i Sn\u00f6sportv\u00e4rlden.<\/p>\n<p>Bekanta dig med sportskolorna genom att klicka <em>L\u00e4s mer<\/em> och\u00a0skola upp n\u00e4sta Gl\u00e4nsande Latukone, Modiga M\u00e4kikotka eller Tr\u00e4ffs\u00e4kra Amppari![\/vc_column_text][\/vc_column][\/vc_row][vc_row][vc_column][mk_padding_divider size=&#8221;30&#8243;][mk_padding_divider size=&#8221;30&#8243; visibility=&#8221;hidden-sm&#8221;][\/vc_column][\/vc_row][vc_row][vc_column][mk_custom_box padding_vertical=&#8221;0&#8243; padding_horizental=&#8221;0&#8243; margin_bottom=&#8221;0&#8243; min_height=&#8221;0&#8243; bg_image=&#8221;https:\/\/www.lumilajitliikuttavat.fi\/wp-content\/uploads\/2017\/08\/n1_5285.jpg&#8221; bg_position=&#8221;center top&#8221; background_hov_color_style=&#8221;image&#8221; overlay_color=&#8221;rgba(0,183,206,0.55)&#8221; bg_image_hov_effect=&#8221;blur&#8221; bg_stretch=&#8221;true&#8221;][mk_padding_divider size=&#8221;85&#8243;][vc_custom_heading text=&#8221;Bekanta dig med undervisningsvideorna&#8221; font_container=&#8221;tag:h2|text_align:center|color:%23ffffff&#8221; use_theme_fonts=&#8221;yes&#8221; link=&#8221;url:%2Fsv%2Fvideor%2F|||&#8221;][vc_icon icon_fontawesome=&#8221;fa fa-play-circle-o&#8221; color=&#8221;white&#8221; size=&#8221;lg&#8221; align=&#8221;center&#8221; link=&#8221;url:%2Fsv%2Fvideor%2F|||&#8221;][mk_padding_divider size=&#8221;35&#8243;][\/mk_custom_box][vc_row_inner][vc_column_inner][mk_padding_divider size=&#8221;60&#8243;][mk_padding_divider visibility=&#8221;hidden-sm&#8221;][\/vc_column_inner][\/vc_row_inner][\/vc_column][\/vc_row]\n<\/div>","protected":false},"excerpt":{"rendered":"<p>[mk_page_section bg_image=&#8221;https:\/\/www.lumilajitliikuttavat.fi\/wp-content\/uploads\/2017\/08\/n1_8034.jpg&#8221; bg_position=&#8221;center center&#8221; bg_repeat=&#8221;no-repeat&#8221; bg_stretch=&#8221;true&#8221; enable_3d=&#8221;true&#8221; video_color_mask=&#8221;#00b7ce&#8221; video_opacity=&#8221;0.4&#8243; full_width=&#8221;true&#8221; sidebar=&#8221;sidebar-1&#8243;][vc_column][mk_padding_divider size=&#8221;185&#8243;][mk_padding_divider size=&#8221;65&#8243; visibility=&#8221;hidden-sm&#8221;][mk_fancy_title strip_tags=&#8221;true&#8221; tag_name=&#8221;h1&#8243; color=&#8221;#ffffff&#8221; size=&#8221;55&#8243; force_font_size=&#8221;true&#8221; size_smallscreen=&#8221;&#8221; size_tablet=&#8221;45&#8243; size_phone=&#8221;40&#8243; font_weight=&#8221;600&#8243; margin_bottom=&#8221;0&#8243; font_family=&#8221;none&#8221; align=&#8221;center&#8221; animation=&#8221;fade-in&#8221;]Tuiskus Sportskolor[\/mk_fancy_title][mk_padding_divider size=&#8221;125&#8243; visibility=&#8221;hidden-sm&#8221;][mk_padding_divider size=&#8221;125&#8243;][\/vc_column][\/mk_page_section][vc_row][vc_column][mk_padding_divider size=&#8221;45&#8243;][mk_padding_divider size=&#8221;25&#8243; visibility=&#8221;hidden-sm&#8221;][mk_fancy_title strip_tags=&#8221;true&#8221; color=&#8221;#00b7ce&#8221; size=&#8221;30&#8243; force_font_size=&#8221;true&#8221; size_smallscreen=&#8221;&#8221; size_tablet=&#8221;25&#8243; size_phone=&#8221;25&#8243; font_weight=&#8221;600&#8243; margin_bottom=&#8221;0&#8243; font_family=&#8221;none&#8221; align=&#8221;center&#8221;]Tuisku tar dig djupare in i vinter sport v\u00e4rlden![\/mk_fancy_title][mk_padding_divider size=&#8221;30&#8243;][mk_padding_divider size=&#8221;30&#8243; [&hellip;]<\/p>\n","protected":false},"author":6,"featured_media":0,"parent":0,"menu_order":0,"comment_status":"closed","ping_status":"closed","template":"","meta":{"footnotes":""},"class_list":["post-2150","page","type-page","status-publish","hentry"],"aioseo_notices":[],"_links":{"self":[{"href":"https:\/\/www.lumilajitliikuttavat.fi\/sv\/wp-json\/wp\/v2\/pages\/2150","targetHints":{"allow":["GET"]}}],"collection":[{"href":"https:\/\/www.lumilajitliikuttavat.fi\/sv\/wp-json\/wp\/v2\/pages"}],"about":[{"href":"https:\/\/www.lumilajitliikuttavat.fi\/sv\/wp-json\/wp\/v2\/types\/page"}],"author":[{"embeddable":true,"href":"https:\/\/www.lumilajitliikuttavat.fi\/sv\/wp-json\/wp\/v2\/users\/6"}],"replies":[{"embeddable":true,"href":"https:\/\/www.lumilajitliikuttavat.fi\/sv\/wp-json\/wp\/v2\/comments?post=2150"}],"version-history":[{"count":13,"href":"https:\/\/www.lumilajitliikuttavat.fi\/sv\/wp-json\/wp\/v2\/pages\/2150\/revisions"}],"predecessor-version":[{"id":2667,"href":"https:\/\/www.lumilajitliikuttavat.fi\/sv\/wp-json\/wp\/v2\/pages\/2150\/revisions\/2667"}],"wp:attachment":[{"href":"https:\/\/www.lumilajitliikuttavat.fi\/sv\/wp-json\/wp\/v2\/media?parent=2150"}],"curies":[{"name":"wp","href":"https:\/\/api.w.org\/{rel}","templated":true}]}}