{"id":2154,"date":"2018-07-09T06:32:43","date_gmt":"2018-07-09T06:32:43","guid":{"rendered":"https:\/\/www.lumilajitliikuttavat.fi\/snodagar\/"},"modified":"2022-11-10T09:39:17","modified_gmt":"2022-11-10T09:39:17","slug":"snodagar","status":"publish","type":"page","link":"https:\/\/www.lumilajitliikuttavat.fi\/sv\/snodagar\/","title":{"rendered":"Sn\u00f6dagar"},"content":{"rendered":"<div class=\"wpb-content-wrapper\">[mk_page_section bg_image=&#8221;https:\/\/www.lumilajitliikuttavat.fi\/wp-content\/uploads\/2017\/08\/n1_8710.jpg&#8221; bg_position=&#8221;right center&#8221; bg_repeat=&#8221;no-repeat&#8221; bg_stretch=&#8221;true&#8221; enable_3d=&#8221;true&#8221; video_color_mask=&#8221;#00b7ce&#8221; video_opacity=&#8221;0.4&#8243; full_width=&#8221;true&#8221; sidebar=&#8221;sidebar-1&#8243;][vc_column][mk_padding_divider size=&#8221;185&#8243;][mk_padding_divider size=&#8221;65&#8243; visibility=&#8221;hidden-sm&#8221;][mk_fancy_title strip_tags=&#8221;true&#8221; tag_name=&#8221;h1&#8243; color=&#8221;#ffffff&#8221; size=&#8221;55&#8243; force_font_size=&#8221;true&#8221; size_tablet=&#8221;45&#8243; size_phone=&#8221;40&#8243; font_weight=&#8221;600&#8243; margin_bottom=&#8221;0&#8243; font_family=&#8221;none&#8221; align=&#8221;center&#8221; animation=&#8221;fade-in&#8221;]Barnens Sn\u00f6dagar[\/mk_fancy_title][mk_padding_divider size=&#8221;125&#8243; visibility=&#8221;hidden-sm&#8221;][mk_padding_divider size=&#8221;125&#8243;][\/vc_column][\/mk_page_section][vc_row][vc_column][mk_padding_divider size=&#8221;45&#8243;][mk_padding_divider size=&#8221;25&#8243; visibility=&#8221;hidden-sm&#8221;][mk_fancy_title strip_tags=&#8221;true&#8221; color=&#8221;#00b7ce&#8221; size=&#8221;30&#8243; force_font_size=&#8221;true&#8221; size_tablet=&#8221;25&#8243; size_phone=&#8221;25&#8243; font_weight=&#8221;600&#8243; margin_bottom=&#8221;0&#8243; font_family=&#8221;none&#8221; align=&#8221;center&#8221;]Ge dig ut p\u00e5 \u00e4ventyr med Tuisku till ett m\u00e5ngsidigt och inspirerande Sn\u00f6sportevenemang![\/mk_fancy_title][mk_padding_divider visibility=&#8221;hidden-sm&#8221;][mk_padding_divider size=&#8221;20&#8243;][\/vc_column][\/vc_row][vc_row][vc_column width=&#8221;2\/3&#8243;][mk_fancy_title strip_tags=&#8221;true&#8221; color=&#8221;#c83575&#8243; size=&#8221;30&#8243; force_font_size=&#8221;true&#8221; size_tablet=&#8221;25&#8243; size_phone=&#8221;25&#8243; font_weight=&#8221;600&#8243; margin_bottom=&#8221;0&#8243; font_family=&#8221;none&#8221; responsive_align=&#8221;left&#8221;]Barnens Sn\u00f6dagar[\/mk_fancy_title][vc_column_text css=&#8221;.vc_custom_1542705467982{margin-bottom: 0px !important;}&#8221;]Barnens Sn\u00f6dagar -turn\u00e9n arrangerat av Finlands Skidf\u00f6rbund, Finska Skidskyttef\u00f6rbundet och finska idrottsf\u00f6reningar erbjuder inspirerande och m\u00e5ngsidig sn\u00f6-aktiviteter f\u00f6r barn i l\u00e5gstadie\u00e5ldern under skoltid samt kv\u00e4llstid f\u00f6r barnfamiljer i ett familje-evenemang.[\/vc_column_text][vc_column_text css=&#8221;.vc_custom_1532968124596{margin-bottom: 0px !important;}&#8221;]\n<ul>\n<li>\u00f6ver 25 orter<\/li>\n<li>\u00f6ver 35 evenemangsdagar f\u00f6r skolor<\/li>\n<li>19 kv\u00e4llsevenemang f\u00f6r familjer och \u00f6ppna dagsevenemang<\/li>\n<li>en turn\u00e9 i Lappland, med sn\u00f6-aktiviteter f\u00f6r b\u00e5de lokalinv\u00e5narna och sportlovsfirare<\/li>\n<li>i evenemangen f\u00f6r skolelever erbjuds \u00f6ver 7000 barn en chans att r\u00f6ra sig p\u00e5 sn\u00f6<\/li>\n<li>till kv\u00e4llsevenemangen f\u00f6r familjer f\u00f6rv\u00e4ntas 3500 deltagande barn!<\/li>\n<\/ul>\n[\/vc_column_text][\/vc_column][vc_column visibility=&#8221;hidden-sm&#8221; width=&#8221;1\/3&#8243;][mk_padding_divider][mk_image src=&#8221;https:\/\/www.lumilajitliikuttavat.fi\/wp-content\/uploads\/2017\/08\/n1_9135.jpg&#8221; image_size=&#8221;large&#8221; visibility=&#8221;hidden-sm&#8221;][\/vc_column][\/vc_row][vc_row][vc_column][mk_padding_divider][mk_padding_divider visibility=&#8221;hidden-sm&#8221;][\/vc_column][\/vc_row][vc_row fullwidth=&#8221;true&#8221; fullwidth_content=&#8221;false&#8221; css=&#8221;.vc_custom_1508488071317{background-color: #00b7ce !important;}&#8221;][vc_column width=&#8221;1\/2&#8243;][mk_padding_divider][mk_fancy_title strip_tags=&#8221;true&#8221; color=&#8221;#ffffff&#8221; size=&#8221;30&#8243; force_font_size=&#8221;true&#8221; size_tablet=&#8221;25&#8243; size_phone=&#8221;25&#8243; font_weight=&#8221;600&#8243; margin_bottom=&#8221;0&#8243; font_family=&#8221;none&#8221; responsive_align=&#8221;left&#8221;]Ge feedback[\/mk_fancy_title]\n<div class=\"wpcf7 no-js\" id=\"wpcf7-f2168-o1\" lang=\"fi\" dir=\"ltr\" data-wpcf7-id=\"2168\">\n<div class=\"screen-reader-response\"><p role=\"status\" aria-live=\"polite\" aria-atomic=\"true\"><\/p> <ul><\/ul><\/div>\n<form action=\"\/sv\/wp-json\/wp\/v2\/pages\/2154#wpcf7-f2168-o1\" method=\"post\" class=\"wpcf7-form init\" aria-label=\"Yhteydenottolomake\" novalidate=\"novalidate\" data-status=\"init\">\n<fieldset class=\"hidden-fields-container\"><input type=\"hidden\" name=\"_wpcf7\" value=\"2168\" \/><input type=\"hidden\" name=\"_wpcf7_version\" value=\"6.1.5\" \/><input type=\"hidden\" name=\"_wpcf7_locale\" value=\"fi\" \/><input type=\"hidden\" name=\"_wpcf7_unit_tag\" value=\"wpcf7-f2168-o1\" \/><input type=\"hidden\" name=\"_wpcf7_container_post\" value=\"0\" \/><input type=\"hidden\" name=\"_wpcf7_posted_data_hash\" value=\"\" \/>\n<\/fieldset>\n<p><label> Namn<br \/>\n<span class=\"wpcf7-form-control-wrap\" data-name=\"your-name\"><input size=\"40\" maxlength=\"400\" class=\"wpcf7-form-control wpcf7-text wpcf7-validates-as-required\" aria-required=\"true\" aria-invalid=\"false\" value=\"\" type=\"text\" name=\"your-name\" \/><\/span> <\/label>\n<\/p>\n<p><label> E-post adress<br \/>\n<span class=\"wpcf7-form-control-wrap\" data-name=\"your-email\"><input size=\"40\" maxlength=\"400\" class=\"wpcf7-form-control wpcf7-email wpcf7-text wpcf7-validates-as-email\" aria-invalid=\"false\" value=\"\" type=\"email\" name=\"your-email\" \/><\/span> <\/label>\n<\/p>\n<p><label> Telefonnummer<br \/>\n<span class=\"wpcf7-form-control-wrap\" data-name=\"your-tel\"><input size=\"40\" maxlength=\"400\" class=\"wpcf7-form-control wpcf7-tel wpcf7-text wpcf7-validates-as-tel\" aria-invalid=\"false\" value=\"\" type=\"tel\" name=\"your-tel\" \/><\/span> <\/label>\n<\/p>\n<p><label> Orsak<br \/>\n<span class=\"wpcf7-form-control-wrap\" data-name=\"your-subject\"><input size=\"40\" maxlength=\"400\" class=\"wpcf7-form-control wpcf7-text\" aria-invalid=\"false\" value=\"\" type=\"text\" name=\"your-subject\" \/><\/span> <\/label>\n<\/p>\n<p><label> Meddelande<br \/>\n<span class=\"wpcf7-form-control-wrap\" data-name=\"your-message\"><textarea cols=\"5\" rows=\"5\" maxlength=\"2000\" class=\"wpcf7-form-control wpcf7-textarea\" aria-invalid=\"false\" name=\"your-message\"><\/textarea><\/span> <\/label>\n<\/p>\n<p><label> Svara \u00e4nnu p\u00e5 detta (vi s\u00e4krar att du \u00e4r en riktig anv\u00e4ndare)<br \/>\n<span class=\"wpcf7-form-control-wrap\" data-name=\"capital-quiz\"><label><span class=\"wpcf7-quiz-label\">Vilken \u00e4r st\u00f6rre 1 eller 3?<\/span> <input size=\"40\" class=\"wpcf7-form-control wpcf7-quiz\" autocomplete=\"off\" aria-required=\"true\" aria-invalid=\"false\" type=\"text\" name=\"capital-quiz\" \/><\/label><input type=\"hidden\" name=\"_wpcf7_quiz_answer_capital-quiz\" value=\"a6b043a592481bd530d165ff630a1701\" \/><\/span><br \/>\n<input class=\"wpcf7-form-control wpcf7-submit has-spinner\" type=\"submit\" value=\"Skicka\" \/><\/label>\n<\/p><div class=\"wpcf7-response-output\" aria-hidden=\"true\"><\/div>\n<\/form>\n<\/div>\n[mk_padding_divider visibility=&#8221;hidden-sm&#8221;][\/vc_column][vc_column width=&#8221;1\/2&#8243;][mk_padding_divider visibility=&#8221;hidden-sm&#8221;][mk_fancy_title strip_tags=&#8221;true&#8221; color=&#8221;#ffffff&#8221; size=&#8221;30&#8243; force_font_size=&#8221;true&#8221; size_tablet=&#8221;25&#8243; size_phone=&#8221;25&#8243; font_weight=&#8221;600&#8243; margin_bottom=&#8221;0&#8243; font_family=&#8221;none&#8221; responsive_align=&#8221;left&#8221;]G\u00e5 med[\/mk_fancy_title][vc_custom_heading text=&#8221;Kv\u00e4llsevenemang f\u00f6r familjer \u00e4r \u00f6ppna f\u00f6r alla frivilliga, s\u00e5 kolla datum f\u00f6r din ort och kom f\u00f6r att uppleva gl\u00e4djen av vinter sport!&#8221; font_container=&#8221;tag:div|text_align:left|color:%23ffffff&#8221; use_theme_fonts=&#8221;yes&#8221;][mk_padding_divider size=&#8221;30&#8243;][mk_fancy_title strip_tags=&#8221;true&#8221; color=&#8221;#ffffff&#8221; size=&#8221;30&#8243; force_font_size=&#8221;true&#8221; size_tablet=&#8221;25&#8243; size_phone=&#8221;25&#8243; font_weight=&#8221;600&#8243; margin_bottom=&#8221;0&#8243; font_family=&#8221;none&#8221; responsive_align=&#8221;left&#8221;]Kontakt information[\/mk_fancy_title][vc_custom_heading text=&#8221;Kari-Pekka Sepp\u00e4nen<br \/>\nkari-pekka.seppanen@hiihtoliitto.fi<br \/>\n+358 44 0806943&#8243; font_container=&#8221;tag:div|text_align:left|color:%23ffffff&#8221; use_theme_fonts=&#8221;yes&#8221;][mk_padding_divider size=&#8221;15&#8243;][vc_custom_heading text=&#8221;&#8221; font_container=&#8221;tag:div|text_align:left|color:%23ffffff&#8221; use_theme_fonts=&#8221;yes&#8221;][mk_padding_divider size=&#8221;50&#8243;][mk_padding_divider size=&#8221;10&#8243; visibility=&#8221;hidden-sm&#8221;][\/vc_column][\/vc_row][mk_page_section bg_image=&#8221;https:\/\/www.lumilajitliikuttavat.fi\/wp-content\/uploads\/2017\/08\/ruka-2016_tuisku.jpg&#8221; bg_position=&#8221;center center&#8221; bg_repeat=&#8221;no-repeat&#8221; bg_stretch=&#8221;true&#8221; enable_3d=&#8221;true&#8221; video_color_mask=&#8221;#00b7ce&#8221; min_height=&#8221;300&#8243; full_width=&#8221;true&#8221; sidebar=&#8221;sidebar-1&#8243;][vc_column width=&#8221;1\/6&#8243;][\/vc_column][vc_column width=&#8221;2\/3&#8243;][mk_padding_divider size=&#8221;60&#8243;][mk_testimonials style=&#8221;simple&#8221; skin=&#8221;light&#8221; font_size=&#8221;26&#8243; testimonials=&#8221;2163, 2164&#8243;][mk_padding_divider size=&#8221;30&#8243;][mk_padding_divider size=&#8221;30&#8243; visibility=&#8221;hidden-sm&#8221;][\/vc_column][vc_column width=&#8221;1\/6&#8243;][\/vc_column][\/mk_page_section][vc_row][vc_column][mk_padding_divider size=&#8221;50&#8243;][mk_padding_divider size=&#8221;30&#8243; visibility=&#8221;hidden-sm&#8221;][mk_fancy_title strip_tags=&#8221;true&#8221; color=&#8221;#c83575&#8243; size=&#8221;30&#8243; force_font_size=&#8221;true&#8221; size_tablet=&#8221;25&#8243; size_phone=&#8221;25&#8243; font_weight=&#8221;600&#8243; margin_bottom=&#8221;0&#8243; font_family=&#8221;none&#8221; align=&#8221;center&#8221;]Foton fr\u00e5n Barnens Sn\u00f6dagar[\/mk_fancy_title][mk_padding_divider size=&#8221;20&#8243;][mk_padding_divider size=&#8221;20&#8243; visibility=&#8221;hidden-sm&#8221;][mk_gallery images=&#8221;26,27,25,32,30,29&#8243; height=&#8221;300&#8243;][\/vc_column][\/vc_row][vc_row fullwidth=&#8221;true&#8221;][vc_column width=&#8221;1\/6&#8243;][\/vc_column][vc_column width=&#8221;2\/3&#8243;][mk_padding_divider size=&#8221;30&#8243;][mk_padding_divider size=&#8221;30&#8243; visibility=&#8221;hidden-sm&#8221;][mk_fancy_title strip_tags=&#8221;true&#8221; color=&#8221;#c83575&#8243; size=&#8221;30&#8243; force_font_size=&#8221;true&#8221; size_tablet=&#8221;30&#8243; size_phone=&#8221;30&#8243; font_weight=&#8221;600&#8243; margin_bottom=&#8221;0&#8243; font_family=&#8221;none&#8221; align=&#8221;center&#8221;]I samarbetet[\/mk_fancy_title][mk_padding_divider][mk_clients style=&#8221;column&#8221; border_style=&#8221;opened_edges&#8221; column=&#8221;5&#8243; count=&#8221;12&#8243; margin_bottom=&#8221;0&#8243; clients=&#8221;1514, 1504, 1490, 3669, 3675, 4255, 1494, 1500, 4290, 316, 654, 4299, 4295, 1488, 1506, 4301, 4303&#8243;][mk_padding_divider][mk_padding_divider visibility=&#8221;hidden-sm&#8221;][\/vc_column][vc_column width=&#8221;1\/6&#8243;][\/vc_column][\/vc_row]\n<\/div>","protected":false},"excerpt":{"rendered":"<p>[mk_page_section bg_image=&#8221;https:\/\/www.lumilajitliikuttavat.fi\/wp-content\/uploads\/2017\/08\/n1_8710.jpg&#8221; bg_position=&#8221;right center&#8221; bg_repeat=&#8221;no-repeat&#8221; bg_stretch=&#8221;true&#8221; enable_3d=&#8221;true&#8221; video_color_mask=&#8221;#00b7ce&#8221; video_opacity=&#8221;0.4&#8243; full_width=&#8221;true&#8221; sidebar=&#8221;sidebar-1&#8243;][vc_column][mk_padding_divider size=&#8221;185&#8243;][mk_padding_divider size=&#8221;65&#8243; visibility=&#8221;hidden-sm&#8221;][mk_fancy_title strip_tags=&#8221;true&#8221; tag_name=&#8221;h1&#8243; color=&#8221;#ffffff&#8221; size=&#8221;55&#8243; force_font_size=&#8221;true&#8221; size_tablet=&#8221;45&#8243; size_phone=&#8221;40&#8243; font_weight=&#8221;600&#8243; margin_bottom=&#8221;0&#8243; font_family=&#8221;none&#8221; align=&#8221;center&#8221; animation=&#8221;fade-in&#8221;]Barnens Sn\u00f6dagar[\/mk_fancy_title][mk_padding_divider size=&#8221;125&#8243; visibility=&#8221;hidden-sm&#8221;][mk_padding_divider size=&#8221;125&#8243;][\/vc_column][\/mk_page_section][vc_row][vc_column][mk_padding_divider size=&#8221;45&#8243;][mk_padding_divider size=&#8221;25&#8243; visibility=&#8221;hidden-sm&#8221;][mk_fancy_title strip_tags=&#8221;true&#8221; color=&#8221;#00b7ce&#8221; size=&#8221;30&#8243; force_font_size=&#8221;true&#8221; size_tablet=&#8221;25&#8243; size_phone=&#8221;25&#8243; font_weight=&#8221;600&#8243; margin_bottom=&#8221;0&#8243; font_family=&#8221;none&#8221; align=&#8221;center&#8221;]Ge dig ut p\u00e5 \u00e4ventyr med Tuisku till ett m\u00e5ngsidigt och inspirerande Sn\u00f6sportevenemang![\/mk_fancy_title][mk_padding_divider [&hellip;]<\/p>\n","protected":false},"author":6,"featured_media":0,"parent":0,"menu_order":0,"comment_status":"closed","ping_status":"closed","template":"","meta":{"footnotes":""},"class_list":["post-2154","page","type-page","status-publish","hentry"],"aioseo_notices":[],"_links":{"self":[{"href":"https:\/\/www.lumilajitliikuttavat.fi\/sv\/wp-json\/wp\/v2\/pages\/2154","targetHints":{"allow":["GET"]}}],"collection":[{"href":"https:\/\/www.lumilajitliikuttavat.fi\/sv\/wp-json\/wp\/v2\/pages"}],"about":[{"href":"https:\/\/www.lumilajitliikuttavat.fi\/sv\/wp-json\/wp\/v2\/types\/page"}],"author":[{"embeddable":true,"href":"https:\/\/www.lumilajitliikuttavat.fi\/sv\/wp-json\/wp\/v2\/users\/6"}],"replies":[{"embeddable":true,"href":"https:\/\/www.lumilajitliikuttavat.fi\/sv\/wp-json\/wp\/v2\/comments?post=2154"}],"version-history":[{"count":27,"href":"https:\/\/www.lumilajitliikuttavat.fi\/sv\/wp-json\/wp\/v2\/pages\/2154\/revisions"}],"predecessor-version":[{"id":4307,"href":"https:\/\/www.lumilajitliikuttavat.fi\/sv\/wp-json\/wp\/v2\/pages\/2154\/revisions\/4307"}],"wp:attachment":[{"href":"https:\/\/www.lumilajitliikuttavat.fi\/sv\/wp-json\/wp\/v2\/media?parent=2154"}],"curies":[{"name":"wp","href":"https:\/\/api.w.org\/{rel}","templated":true}]}}