{"id":2170,"date":"2018-07-09T06:49:00","date_gmt":"2018-07-09T06:49:00","guid":{"rendered":"https:\/\/www.lumilajitliikuttavat.fi\/for-larare\/"},"modified":"2018-08-01T15:09:01","modified_gmt":"2018-08-01T15:09:01","slug":"for-larare","status":"publish","type":"page","link":"https:\/\/www.lumilajitliikuttavat.fi\/sv\/for-larare\/","title":{"rendered":"F\u00f6r l\u00e4rare"},"content":{"rendered":"<div class=\"wpb-content-wrapper\">[mk_page_section bg_image=&#8221;https:\/\/www.lumilajitliikuttavat.fi\/wp-content\/uploads\/2017\/08\/n1_2891.jpg&#8221; bg_position=&#8221;right center&#8221; bg_repeat=&#8221;no-repeat&#8221; bg_stretch=&#8221;true&#8221; enable_3d=&#8221;true&#8221; video_color_mask=&#8221;#00b7ce&#8221; video_opacity=&#8221;0.4&#8243; full_width=&#8221;true&#8221; sidebar=&#8221;sidebar-1&#8243;][vc_column][mk_padding_divider size=&#8221;185&#8243;][mk_padding_divider size=&#8221;65&#8243; visibility=&#8221;hidden-sm&#8221;][mk_fancy_title strip_tags=&#8221;true&#8221; tag_name=&#8221;h1&#8243; color=&#8221;#ffffff&#8221; size=&#8221;55&#8243; force_font_size=&#8221;true&#8221; size_tablet=&#8221;45&#8243; size_phone=&#8221;40&#8243; font_weight=&#8221;600&#8243; margin_bottom=&#8221;0&#8243; font_family=&#8221;none&#8221; align=&#8221;center&#8221; animation=&#8221;fade-in&#8221;]Vinter sport f\u00f6r l\u00e4rare[\/mk_fancy_title][mk_padding_divider size=&#8221;125&#8243; visibility=&#8221;hidden-sm&#8221;][mk_padding_divider size=&#8221;125&#8243;][\/vc_column][\/mk_page_section][vc_row][vc_column width=&#8221;1\/2&#8243;][mk_padding_divider size=&#8221;45&#8243;][mk_padding_divider size=&#8221;25&#8243; visibility=&#8221;hidden-sm&#8221;][mk_fancy_title strip_tags=&#8221;true&#8221; color=&#8221;#c83575&#8243; size=&#8221;30&#8243; force_font_size=&#8221;true&#8221; size_tablet=&#8221;25&#8243; size_phone=&#8221;25&#8243; font_weight=&#8221;600&#8243; margin_bottom=&#8221;0&#8243; font_family=&#8221;none&#8221; responsive_align=&#8221;left&#8221;]M\u00e5ngsidigt l\u00e4rande av motionskunskap[\/mk_fancy_title][vc_column_text css=&#8221;.vc_custom_1532968179890{margin-bottom: 0px !important;}&#8221;]Ett inspirerande, utvecklande och m\u00e5ngsidigt l\u00e4rande av motionskunskap p\u00e5 sn\u00f6 enligt den nya l\u00e4roplanen. Inom vinter sport l\u00e4r man sig l\u00e4ngd\u00e5kning, backhoppning och skidskytte samt skicklighet med hj\u00e4lp av skidcross. Lektionerna kan genomf\u00f6ras n\u00e4stan var som helst och utan tidigare erfarenhet inom vinter sport.[\/vc_column_text][\/vc_column][vc_column width=&#8221;1\/2&#8243;][mk_padding_divider size=&#8221;15&#8243;][mk_padding_divider size=&#8221;55&#8243; visibility=&#8221;hidden-sm&#8221;][mk_fancy_title strip_tags=&#8221;true&#8221; color=&#8221;#c83575&#8243; size=&#8221;30&#8243; force_font_size=&#8221;true&#8221; size_tablet=&#8221;25&#8243; size_phone=&#8221;25&#8243; font_weight=&#8221;600&#8243; margin_bottom=&#8221;0&#8243; font_family=&#8221;none&#8221; responsive_align=&#8221;left&#8221;]Vinter sport f\u00f6r l\u00e4rare -helheten inneh\u00e5ller[\/mk_fancy_title][vc_column_text css=&#8221;.vc_custom_1532967291155{margin-bottom: 0px !important;}&#8221;]\n<ul>\n<li>Utbildning och material f\u00f6r l\u00e4rare<\/li>\n<li>Lekar och spel f\u00f6r gymnastiklektionen<\/li>\n<li>Lektionsplan f\u00f6r elever oavsett niv\u00e5<\/li>\n<li>St\u00f6dmaterial:\n<ul>\n<li>60 videor om skidskicklighet<\/li>\n<li>Lekar, spel och stafett -handboken<\/li>\n<li>F\u00e4rgl\u00e4ggningsbilder<\/li>\n<\/ul>\n<\/li>\n<\/ul>\n<p>Bekanta dig med undervisningsvideorna och st\u00f6dmaterialet fr\u00e5n l\u00e4nkarna nere.[\/vc_column_text][\/vc_column][\/vc_row][vc_row][vc_column width=&#8221;1\/2&#8243;][mk_padding_divider size=&#8221;30&#8243;][mk_padding_divider size=&#8221;30&#8243; visibility=&#8221;hidden-sm&#8221;][mk_fancy_title strip_tags=&#8221;true&#8221; color=&#8221;#c83575&#8243; size=&#8221;30&#8243; force_font_size=&#8221;true&#8221; size_tablet=&#8221;25&#8243; size_phone=&#8221;25&#8243; font_weight=&#8221;600&#8243; margin_bottom=&#8221;0&#8243; font_family=&#8221;none&#8221; responsive_align=&#8221;left&#8221;]Utbildningskalender 2017-2018[\/mk_fancy_title][vc_column_text css=&#8221;.vc_custom_1531203731096{margin-bottom: 0px !important;}&#8221;]Anm\u00e4l din f\u00f6rening till utbildningen via e-post till adressen: <a href=\"mailto:sandra.jutila@hiihtoliitto.fi\">sandra.jutila@hiihtoliitto.fi<\/a><\/p>\n<p>Den exakta utbildningsplatsen meddelas till deltagarna efter anm\u00e4lan.[\/vc_column_text][\/vc_column][vc_column width=&#8221;1\/2&#8243;][mk_padding_divider size=&#8221;30&#8243;][mk_padding_divider size=&#8221;30&#8243; visibility=&#8221;hidden-sm&#8221;][mk_fancy_title strip_tags=&#8221;true&#8221; color=&#8221;#c83575&#8243; size=&#8221;30&#8243; force_font_size=&#8221;true&#8221; size_tablet=&#8221;25&#8243; size_phone=&#8221;25&#8243; font_weight=&#8221;600&#8243; margin_bottom=&#8221;0&#8243; font_family=&#8221;none&#8221; responsive_align=&#8221;left&#8221;]L\u00e4rarutbildningar 2018[\/mk_fancy_title][vc_column_text css=&#8221;.vc_custom_1531203749294{margin-bottom: 0px !important;}&#8221;]Fr\u00e5ga om utbildningen f\u00f6r din l\u00e4roanstalt i formul\u00e4ret nere.[\/vc_column_text][\/vc_column][\/vc_row][vc_row][vc_column][mk_padding_divider][mk_padding_divider visibility=&#8221;hidden-sm&#8221;][\/vc_column][\/vc_row][vc_row fullwidth=&#8221;true&#8221; fullwidth_content=&#8221;false&#8221; css=&#8221;.vc_custom_1508854005418{background-color: #00b7ce !important;}&#8221;][vc_column width=&#8221;1\/2&#8243;][mk_padding_divider size=&#8221;60&#8243;][mk_fancy_title strip_tags=&#8221;true&#8221; color=&#8221;#ffffff&#8221; size=&#8221;30&#8243; force_font_size=&#8221;true&#8221; size_tablet=&#8221;25&#8243; size_phone=&#8221;25&#8243; font_weight=&#8221;600&#8243; margin_bottom=&#8221;0&#8243; font_family=&#8221;none&#8221; responsive_align=&#8221;left&#8221;]Fr\u00e5ga om utbildningen[\/mk_fancy_title]\n<div class=\"wpcf7 no-js\" id=\"wpcf7-f2176-o1\" lang=\"fi\" dir=\"ltr\" data-wpcf7-id=\"2176\">\n<div class=\"screen-reader-response\"><p role=\"status\" aria-live=\"polite\" aria-atomic=\"true\"><\/p> <ul><\/ul><\/div>\n<form action=\"\/sv\/wp-json\/wp\/v2\/pages\/2170#wpcf7-f2176-o1\" method=\"post\" class=\"wpcf7-form init\" aria-label=\"Yhteydenottolomake\" novalidate=\"novalidate\" data-status=\"init\">\n<fieldset class=\"hidden-fields-container\"><input type=\"hidden\" name=\"_wpcf7\" value=\"2176\" \/><input type=\"hidden\" name=\"_wpcf7_version\" value=\"6.1.5\" \/><input type=\"hidden\" name=\"_wpcf7_locale\" value=\"fi\" \/><input type=\"hidden\" name=\"_wpcf7_unit_tag\" value=\"wpcf7-f2176-o1\" \/><input type=\"hidden\" name=\"_wpcf7_container_post\" value=\"0\" \/><input type=\"hidden\" name=\"_wpcf7_posted_data_hash\" value=\"\" \/>\n<\/fieldset>\n<p><label> Namn<br \/>\n<span class=\"wpcf7-form-control-wrap\" data-name=\"your-name\"><input size=\"40\" maxlength=\"400\" class=\"wpcf7-form-control wpcf7-text wpcf7-validates-as-required\" aria-required=\"true\" aria-invalid=\"false\" value=\"\" type=\"text\" name=\"your-name\" \/><\/span> <\/label>\n<\/p>\n<p><label> F\u00f6rening\/L\u00e4roanstalt<br \/>\n<span class=\"wpcf7-form-control-wrap\" data-name=\"your-text\"><input size=\"40\" maxlength=\"400\" class=\"wpcf7-form-control wpcf7-text\" aria-invalid=\"false\" value=\"\" type=\"text\" name=\"your-text\" \/><\/span> <\/label>\n<\/p>\n<p><label> E-post adress<br \/>\n<span class=\"wpcf7-form-control-wrap\" data-name=\"your-email\"><input size=\"40\" maxlength=\"400\" class=\"wpcf7-form-control wpcf7-email wpcf7-text wpcf7-validates-as-email\" aria-invalid=\"false\" value=\"\" type=\"email\" name=\"your-email\" \/><\/span> <\/label>\n<\/p>\n<p><label> Telefonnummer<br \/>\n<span class=\"wpcf7-form-control-wrap\" data-name=\"your-tel\"><input size=\"40\" maxlength=\"400\" class=\"wpcf7-form-control wpcf7-tel wpcf7-text wpcf7-validates-as-tel\" aria-invalid=\"false\" value=\"\" type=\"tel\" name=\"your-tel\" \/><\/span> <\/label>\n<\/p>\n<p><label> Meddelande<br \/>\n<span class=\"wpcf7-form-control-wrap\" data-name=\"your-message\"><textarea cols=\"5\" rows=\"5\" maxlength=\"2000\" class=\"wpcf7-form-control wpcf7-textarea\" aria-invalid=\"false\" name=\"your-message\"><\/textarea><\/span> <\/label>\n<\/p>\n<p><label> Svara \u00e4nnu p\u00e5 detta (vi s\u00e4krar att du \u00e4r en riktig anv\u00e4ndare)<br \/>\n<span class=\"wpcf7-form-control-wrap\" data-name=\"capital-quiz\"><label><span class=\"wpcf7-quiz-label\">Vilken \u00e4r st\u00f6rre, 1 eller 3?<\/span> <input size=\"40\" class=\"wpcf7-form-control wpcf7-quiz\" autocomplete=\"off\" aria-required=\"true\" aria-invalid=\"false\" type=\"text\" name=\"capital-quiz\" \/><\/label><input type=\"hidden\" name=\"_wpcf7_quiz_answer_capital-quiz\" value=\"a6b043a592481bd530d165ff630a1701\" \/><\/span><br \/>\n<input class=\"wpcf7-form-control wpcf7-submit has-spinner\" type=\"submit\" value=\"Skicka\" \/><\/label>\n<\/p><div class=\"wpcf7-response-output\" aria-hidden=\"true\"><\/div>\n<\/form>\n<\/div>\n[mk_padding_divider size=&#8221;20&#8243;][mk_padding_divider size=&#8221;20&#8243; visibility=&#8221;hidden-sm&#8221;][\/vc_column][vc_column width=&#8221;1\/2&#8243;][mk_padding_divider size=&#8221;100&#8243; visibility=&#8221;hidden-sm&#8221;][mk_custom_box padding_vertical=&#8221;0&#8243; padding_horizental=&#8221;0&#8243; margin_bottom=&#8221;0&#8243; min_height=&#8221;0&#8243; bg_image=&#8221;https:\/\/www.lumilajitliikuttavat.fi\/wp-content\/uploads\/2017\/08\/n1_5285.jpg&#8221; bg_position=&#8221;center top&#8221; background_hov_color_style=&#8221;image&#8221; overlay_color=&#8221;rgba(0,183,206,0.55)&#8221; bg_image_hov_effect=&#8221;blur&#8221; bg_stretch=&#8221;true&#8221;][mk_padding_divider size=&#8221;85&#8243;][vc_custom_heading text=&#8221;Bekanta dig med undervisningsvideorna&#8221; font_container=&#8221;tag:h2|text_align:center|color:%23ffffff&#8221; use_theme_fonts=&#8221;yes&#8221; link=&#8221;url:%2Fsv%2Fvideor%2F|||&#8221;][vc_icon icon_fontawesome=&#8221;fa fa-play-circle-o&#8221; color=&#8221;white&#8221; size=&#8221;lg&#8221; align=&#8221;center&#8221; link=&#8221;url:%2Fsv%2Fvideor%2F|||&#8221;][mk_padding_divider size=&#8221;35&#8243;][\/mk_custom_box][mk_padding_divider size=&#8221;50&#8243;][mk_custom_box padding_vertical=&#8221;0&#8243; padding_horizental=&#8221;0&#8243; margin_bottom=&#8221;0&#8243; min_height=&#8221;0&#8243; bg_image=&#8221;https:\/\/www.lumilajitliikuttavat.fi\/wp-content\/uploads\/2017\/08\/poytya-2017_tyttonauraa.jpg&#8221; background_hov_color_style=&#8221;image&#8221; overlay_color=&#8221;rgba(0,183,206,0.55)&#8221; bg_image_hov_effect=&#8221;blur&#8221; bg_stretch=&#8221;true&#8221;][mk_padding_divider size=&#8221;85&#8243;][vc_custom_heading text=&#8221;Bekanta dig med st\u00f6dmaterialet&#8221; font_container=&#8221;tag:h2|text_align:center|color:%23ffffff&#8221; use_theme_fonts=&#8221;yes&#8221; link=&#8221;url:%2Fsv%2Fvideor%2F%23stodmaterial|||&#8221;][vc_icon icon_fontawesome=&#8221;fa fa-play-circle-o&#8221; color=&#8221;white&#8221; size=&#8221;lg&#8221; align=&#8221;center&#8221; link=&#8221;url:%2Fsv%2Fvideor%2F%23stodmaterial|||&#8221;][mk_padding_divider size=&#8221;35&#8243;][\/mk_custom_box][mk_padding_divider size=&#8221;80&#8243;][\/vc_column][\/vc_row]\n<\/div>","protected":false},"excerpt":{"rendered":"<p>[mk_page_section bg_image=&#8221;https:\/\/www.lumilajitliikuttavat.fi\/wp-content\/uploads\/2017\/08\/n1_2891.jpg&#8221; bg_position=&#8221;right center&#8221; bg_repeat=&#8221;no-repeat&#8221; bg_stretch=&#8221;true&#8221; enable_3d=&#8221;true&#8221; video_color_mask=&#8221;#00b7ce&#8221; video_opacity=&#8221;0.4&#8243; full_width=&#8221;true&#8221; sidebar=&#8221;sidebar-1&#8243;][vc_column][mk_padding_divider size=&#8221;185&#8243;][mk_padding_divider size=&#8221;65&#8243; visibility=&#8221;hidden-sm&#8221;][mk_fancy_title strip_tags=&#8221;true&#8221; tag_name=&#8221;h1&#8243; color=&#8221;#ffffff&#8221; size=&#8221;55&#8243; force_font_size=&#8221;true&#8221; size_tablet=&#8221;45&#8243; size_phone=&#8221;40&#8243; font_weight=&#8221;600&#8243; margin_bottom=&#8221;0&#8243; font_family=&#8221;none&#8221; align=&#8221;center&#8221; animation=&#8221;fade-in&#8221;]Vinter sport f\u00f6r l\u00e4rare[\/mk_fancy_title][mk_padding_divider size=&#8221;125&#8243; visibility=&#8221;hidden-sm&#8221;][mk_padding_divider size=&#8221;125&#8243;][\/vc_column][\/mk_page_section][vc_row][vc_column width=&#8221;1\/2&#8243;][mk_padding_divider size=&#8221;45&#8243;][mk_padding_divider size=&#8221;25&#8243; visibility=&#8221;hidden-sm&#8221;][mk_fancy_title strip_tags=&#8221;true&#8221; color=&#8221;#c83575&#8243; size=&#8221;30&#8243; force_font_size=&#8221;true&#8221; size_tablet=&#8221;25&#8243; size_phone=&#8221;25&#8243; font_weight=&#8221;600&#8243; margin_bottom=&#8221;0&#8243; font_family=&#8221;none&#8221; responsive_align=&#8221;left&#8221;]M\u00e5ngsidigt l\u00e4rande av motionskunskap[\/mk_fancy_title][vc_column_text css=&#8221;.vc_custom_1532968179890{margin-bottom: 0px !important;}&#8221;]Ett inspirerande, utvecklande och [&hellip;]<\/p>\n","protected":false},"author":6,"featured_media":0,"parent":0,"menu_order":0,"comment_status":"closed","ping_status":"closed","template":"","meta":{"footnotes":""},"class_list":["post-2170","page","type-page","status-publish","hentry"],"aioseo_notices":[],"_links":{"self":[{"href":"https:\/\/www.lumilajitliikuttavat.fi\/sv\/wp-json\/wp\/v2\/pages\/2170","targetHints":{"allow":["GET"]}}],"collection":[{"href":"https:\/\/www.lumilajitliikuttavat.fi\/sv\/wp-json\/wp\/v2\/pages"}],"about":[{"href":"https:\/\/www.lumilajitliikuttavat.fi\/sv\/wp-json\/wp\/v2\/types\/page"}],"author":[{"embeddable":true,"href":"https:\/\/www.lumilajitliikuttavat.fi\/sv\/wp-json\/wp\/v2\/users\/6"}],"replies":[{"embeddable":true,"href":"https:\/\/www.lumilajitliikuttavat.fi\/sv\/wp-json\/wp\/v2\/comments?post=2170"}],"version-history":[{"count":12,"href":"https:\/\/www.lumilajitliikuttavat.fi\/sv\/wp-json\/wp\/v2\/pages\/2170\/revisions"}],"predecessor-version":[{"id":2472,"href":"https:\/\/www.lumilajitliikuttavat.fi\/sv\/wp-json\/wp\/v2\/pages\/2170\/revisions\/2472"}],"wp:attachment":[{"href":"https:\/\/www.lumilajitliikuttavat.fi\/sv\/wp-json\/wp\/v2\/media?parent=2170"}],"curies":[{"name":"wp","href":"https:\/\/api.w.org\/{rel}","templated":true}]}}