{"id":2178,"date":"2018-07-09T06:58:55","date_gmt":"2018-07-09T06:58:55","guid":{"rendered":"https:\/\/www.lumilajitliikuttavat.fi\/videor\/"},"modified":"2022-10-19T11:00:22","modified_gmt":"2022-10-19T11:00:22","slug":"videor-och-stodmaterial","status":"publish","type":"page","link":"https:\/\/www.lumilajitliikuttavat.fi\/sv\/videor-och-stodmaterial\/","title":{"rendered":"Videor och st\u00f6dmaterial"},"content":{"rendered":"<div class=\"wpb-content-wrapper\">[mk_page_section bg_image=&#8221;https:\/\/www.lumilajitliikuttavat.fi\/wp-content\/uploads\/2017\/08\/n1_5061.jpg&#8221; bg_position=&#8221;center center&#8221; bg_repeat=&#8221;no-repeat&#8221; bg_stretch=&#8221;true&#8221; enable_3d=&#8221;true&#8221; video_color_mask=&#8221;#00b7ce&#8221; video_opacity=&#8221;0.4&#8243; full_width=&#8221;true&#8221; sidebar=&#8221;sidebar-1&#8243;][vc_column][mk_padding_divider size=&#8221;185&#8243;][mk_padding_divider size=&#8221;65&#8243; visibility=&#8221;hidden-sm&#8221;][mk_fancy_title strip_tags=&#8221;true&#8221; tag_name=&#8221;h1&#8243; color=&#8221;#ffffff&#8221; size=&#8221;55&#8243; force_font_size=&#8221;true&#8221; size_smallscreen=&#8221;&#8221; size_tablet=&#8221;45&#8243; size_phone=&#8221;40&#8243; font_weight=&#8221;600&#8243; margin_bottom=&#8221;0&#8243; font_family=&#8221;none&#8221; align=&#8221;center&#8221; animation=&#8221;fade-in&#8221;]Videor och st\u00f6dmaterial[\/mk_fancy_title][mk_padding_divider size=&#8221;125&#8243; visibility=&#8221;hidden-sm&#8221;][mk_padding_divider size=&#8221;125&#8243;][\/vc_column][\/mk_page_section][vc_row][vc_column][mk_padding_divider size=&#8221;45&#8243;][mk_padding_divider size=&#8221;25&#8243; visibility=&#8221;hidden-sm&#8221;][\/vc_column][\/vc_row][vc_row][vc_column width=&#8221;1\/2&#8243;][mk_fancy_title strip_tags=&#8221;true&#8221; color=&#8221;#c83575&#8243; size=&#8221;30&#8243; force_font_size=&#8221;true&#8221; size_smallscreen=&#8221;&#8221; size_tablet=&#8221;25&#8243; size_phone=&#8221;25&#8243; font_weight=&#8221;600&#8243; margin_bottom=&#8221;0&#8243; font_family=&#8221;none&#8221; responsive_align=&#8221;left&#8221;]\u00d6ver 60 skidskicklighetsvideor[\/mk_fancy_title][vc_column_text css=&#8221;.vc_custom_1666176870178{margin-bottom: 0px !important;}&#8221;]\u00d6ver 60 videor p\u00e5 skidskicklighet med olika \u00f6vningar, spel, lekar, stafetter och grenteknik. Videorna p\u00e5 sn\u00f6-aktiviteterna \u00e4r indelade i olika grundidrottsf\u00e4rdighet p\u00e5 basen av vilken kunskap de utvecklar mest. Videorna \u00e4r korta och tydliga.[\/vc_column_text][\/vc_column][vc_column width=&#8221;1\/2&#8243;][mk_fancy_title strip_tags=&#8221;true&#8221; color=&#8221;#c83575&#8243; size=&#8221;30&#8243; force_font_size=&#8221;true&#8221; size_smallscreen=&#8221;&#8221; size_tablet=&#8221;25&#8243; size_phone=&#8221;23&#8243; font_weight=&#8221;600&#8243; margin_bottom=&#8221;0&#8243; font_family=&#8221;none&#8221; responsive_align=&#8221;left&#8221;]\u00c4ven st\u00f6dmaterial \u00e4r tillg\u00e4ngligt[\/mk_fancy_title][vc_column_text css=&#8221;.vc_custom_1531138422870{margin-bottom: 0px !important;}&#8221;]\u201dSt\u00f6dmaterial\u201d -delen inneh\u00e5ller printbart material som st\u00f6d f\u00f6r undervisningen. D\u00e4r hittar du bland annat f\u00e4rdiga tidsplaner samt spel och lekar f\u00f6r gymnastiklektioner.[\/vc_column_text][\/vc_column][\/vc_row][vc_row][vc_column][mk_padding_divider size=&#8221;20&#8243;][mk_padding_divider size=&#8221;20&#8243; visibility=&#8221;hidden-sm&#8221;][\/vc_column][\/vc_row][vc_row][vc_column][mk_custom_box bg_image=&#8221;https:\/\/www.lumilajitliikuttavat.fi\/wp-content\/uploads\/2017\/08\/n1_8710.jpg&#8221; background_hov_color_style=&#8221;image&#8221; overlay_color=&#8221;rgba(10,10,10,0.4)&#8221; bg_image_hov_effect=&#8221;blur&#8221; bg_stretch=&#8221;true&#8221;][mk_padding_divider][mk_padding_divider size=&#8221;20&#8243; visibility=&#8221;hidden-sm&#8221;][vc_custom_heading text=&#8221;Videor&#8221; font_container=&#8221;tag:h2|font_size:30|text_align:center|color:%23ffffff&#8221; use_theme_fonts=&#8221;yes&#8221; link=&#8221;url:https%3A%2F%2Fwww.youtube.com%2Fplaylist%3Flist%3DPLHX0Yukfly23UQvcHsWD5ybKIPD_DoECq|target:_blank&#8221;][mk_font_icons icon=&#8221;mk-moon-play&#8221; color=&#8221;#ffffff&#8221; size=&#8221;medium&#8221; align=&#8221;center&#8221; link=&#8221;https:\/\/www.youtube.com\/playlist?list=PLHX0Yukfly23UQvcHsWD5ybKIPD_DoECq&#8221; target=&#8221;_blank&#8221;][mk_padding_divider size=&#8221;30&#8243;][mk_padding_divider size=&#8221;20&#8243; visibility=&#8221;hidden-sm&#8221;][\/mk_custom_box][\/vc_column][\/vc_row][vc_row id=&#8221;stodmaterial&#8221;][vc_column][mk_padding_divider size=&#8221;30&#8243;][mk_padding_divider size=&#8221;20&#8243; visibility=&#8221;hidden-sm&#8221;][mk_fancy_title strip_tags=&#8221;true&#8221; color=&#8221;#c83575&#8243; size=&#8221;30&#8243; force_font_size=&#8221;true&#8221; size_smallscreen=&#8221;&#8221; size_tablet=&#8221;25&#8243; size_phone=&#8221;25&#8243; font_weight=&#8221;600&#8243; margin_bottom=&#8221;0&#8243; font_family=&#8221;none&#8221; align=&#8221;center&#8221;]St\u00f6dmaterial[\/mk_fancy_title][mk_padding_divider size=&#8221;20&#8243;][mk_padding_divider size=&#8221;20&#8243; visibility=&#8221;hidden-sm&#8221;][\/vc_column][\/vc_row][vc_row][vc_column width=&#8221;1\/4&#8243;][mk_custom_box min_height=&#8221;74&#8243; bg_image=&#8221;https:\/\/www.lumilajitliikuttavat.fi\/wp-content\/uploads\/2017\/08\/jyvaskyla-2017_tyttolaskee.jpg&#8221; background_hov_color_style=&#8221;image&#8221; overlay_color=&#8221;rgba(10,10,10,0.4)&#8221; bg_image_hov_effect=&#8221;blur&#8221; bg_stretch=&#8221;true&#8221;][mk_padding_divider size=&#8221;60&#8243;][vc_custom_heading text=&#8221;Sn\u00f6sports timplaner 1&#8243; font_container=&#8221;tag:h2|font_size:23|text_align:center|color:%23ffffff&#8221; use_theme_fonts=&#8221;yes&#8221; link=&#8221;url:https%3A%2F%2Flumilajitliikuttavat.fi%2Fwp-content%2Fuploads%2F2017%2F10%2Flumilajien-tuntisuunnitelmia_1.pdf|target:%20_blank|&#8221;][mk_font_icons icon=&#8221;mk-icon-search&#8221; color=&#8221;#ffffff&#8221; size=&#8221;medium&#8221; align=&#8221;center&#8221; link=&#8221;https:\/\/lumilajitliikuttavat.fi\/wp-content\/uploads\/2017\/10\/lumilajien-tuntisuunnitelmia_1.pdf&#8221; target=&#8221;_blank&#8221;][mk_padding_divider size=&#8221;60&#8243;][\/mk_custom_box][mk_padding_divider size=&#8221;20&#8243; visibility=&#8221;visible-sm&#8221;][\/vc_column][vc_column width=&#8221;1\/4&#8243;][mk_custom_box bg_image=&#8221;https:\/\/www.lumilajitliikuttavat.fi\/wp-content\/uploads\/2017\/08\/lieksa-2017_tyttohyppaa.jpg&#8221; background_hov_color_style=&#8221;image&#8221; overlay_color=&#8221;rgba(10,10,10,0.4)&#8221; bg_image_hov_effect=&#8221;blur&#8221; bg_stretch=&#8221;true&#8221;][mk_padding_divider size=&#8221;60&#8243;][vc_custom_heading text=&#8221;Sn\u00f6sports timplaner 2&#8243; font_container=&#8221;tag:h2|font_size:23|text_align:center|color:%23ffffff&#8221; use_theme_fonts=&#8221;yes&#8221; link=&#8221;url:https%3A%2F%2Flumilajitliikuttavat.fi%2Fwp-content%2Fuploads%2F2017%2F10%2Flumilajien-tuntisuunnitelmia_2.pdf|target:%20_blank|&#8221;][mk_font_icons icon=&#8221;mk-icon-search&#8221; color=&#8221;#ffffff&#8221; size=&#8221;medium&#8221; align=&#8221;center&#8221; link=&#8221;https:\/\/lumilajitliikuttavat.fi\/wp-content\/uploads\/2017\/10\/lumilajien-tuntisuunnitelmia_2.pdf&#8221; target=&#8221;_blank&#8221;][mk_padding_divider size=&#8221;60&#8243;][\/mk_custom_box][mk_padding_divider size=&#8221;20&#8243; visibility=&#8221;visible-sm&#8221;][\/vc_column][vc_column width=&#8221;1\/4&#8243;][mk_custom_box bg_image=&#8221;https:\/\/www.lumilajitliikuttavat.fi\/wp-content\/uploads\/2017\/08\/lieksa-2017_poikaheittaa.jpg&#8221; background_hov_color_style=&#8221;image&#8221; overlay_color=&#8221;rgba(10,10,10,0.4)&#8221; bg_image_hov_effect=&#8221;blur&#8221; bg_stretch=&#8221;true&#8221;][mk_padding_divider size=&#8221;60&#8243;][vc_custom_heading text=&#8221;Sn\u00f6sports timplaner 3&#8243; font_container=&#8221;tag:h2|font_size:23|text_align:center|color:%23ffffff&#8221; use_theme_fonts=&#8221;yes&#8221; link=&#8221;url:https%3A%2F%2Flumilajitliikuttavat.fi%2Fwp-content%2Fuploads%2F2017%2F10%2Flumilajien-tuntisuunnitelmia_3.pdf|target:%20_blank|&#8221;][mk_font_icons icon=&#8221;mk-icon-search&#8221; color=&#8221;#ffffff&#8221; size=&#8221;medium&#8221; align=&#8221;center&#8221; link=&#8221;https:\/\/lumilajitliikuttavat.fi\/wp-content\/uploads\/2017\/10\/lumilajien-tuntisuunnitelmia_3.pdf&#8221; target=&#8221;_blank&#8221;][mk_padding_divider size=&#8221;60&#8243;][\/mk_custom_box][mk_padding_divider size=&#8221;20&#8243; visibility=&#8221;visible-sm&#8221;][\/vc_column][vc_column width=&#8221;1\/4&#8243;][mk_custom_box min_height=&#8221;74&#8243; bg_image=&#8221;https:\/\/www.lumilajitliikuttavat.fi\/wp-content\/uploads\/2017\/08\/akaslompolo-2017_ekoase.jpg&#8221; background_hov_color_style=&#8221;image&#8221; overlay_color=&#8221;rgba(10,10,10,0.4)&#8221; bg_image_hov_effect=&#8221;blur&#8221; bg_stretch=&#8221;true&#8221;][mk_padding_divider size=&#8221;60&#8243;][vc_custom_heading text=&#8221;Sn\u00f6sports timplaner 4&#8243; font_container=&#8221;tag:h2|font_size:23|text_align:center|color:%23ffffff&#8221; use_theme_fonts=&#8221;yes&#8221; link=&#8221;url:https%3A%2F%2Flumilajitliikuttavat.fi%2Fwp-content%2Fuploads%2F2017%2F10%2Flumilajien-tuntisuunnitelmia_4.pdf|target:%20_blank|&#8221;][mk_font_icons icon=&#8221;mk-icon-search&#8221; color=&#8221;#ffffff&#8221; size=&#8221;medium&#8221; align=&#8221;center&#8221; link=&#8221;https:\/\/lumilajitliikuttavat.fi\/wp-content\/uploads\/2017\/10\/lumilajien-tuntisuunnitelmia_4.pdf&#8221; target=&#8221;_blank&#8221;][mk_padding_divider size=&#8221;60&#8243;][\/mk_custom_box][mk_padding_divider size=&#8221;20&#8243; visibility=&#8221;visible-sm&#8221;][\/vc_column][\/vc_row][vc_row][vc_column][mk_padding_divider size=&#8221;20&#8243; visibility=&#8221;hidden-sm&#8221;][\/vc_column][\/vc_row][vc_row][vc_column width=&#8221;1\/4&#8243;][mk_custom_box min_height=&#8221;74&#8243; bg_image=&#8221;https:\/\/www.lumilajitliikuttavat.fi\/wp-content\/uploads\/2017\/08\/oulu-2017_lapsetpelaa.jpg&#8221; background_hov_color_style=&#8221;image&#8221; overlay_color=&#8221;rgba(10,10,10,0.4)&#8221; bg_image_hov_effect=&#8221;blur&#8221; bg_stretch=&#8221;true&#8221;][mk_padding_divider size=&#8221;60&#8243;][vc_custom_heading text=&#8221;Sn\u00f6sports timplaner 5&#8243; font_container=&#8221;tag:h2|font_size:23|text_align:center|color:%23ffffff&#8221; use_theme_fonts=&#8221;yes&#8221; link=&#8221;url:https%3A%2F%2Flumilajitliikuttavat.fi%2Fwp-content%2Fuploads%2F2017%2F10%2Flumilajien-tuntisuunnitelmia_5.pdf|target:%20_blank|&#8221;][mk_font_icons icon=&#8221;mk-icon-search&#8221; color=&#8221;#ffffff&#8221; size=&#8221;medium&#8221; align=&#8221;center&#8221; link=&#8221;https:\/\/lumilajitliikuttavat.fi\/wp-content\/uploads\/2017\/10\/lumilajien-tuntisuunnitelmia_5.pdf&#8221; target=&#8221;_blank&#8221;][mk_padding_divider size=&#8221;60&#8243;][\/mk_custom_box][mk_padding_divider size=&#8221;20&#8243; visibility=&#8221;visible-sm&#8221;][\/vc_column][vc_column width=&#8221;1\/4&#8243;][mk_custom_box bg_image=&#8221;https:\/\/www.lumilajitliikuttavat.fi\/wp-content\/uploads\/2017\/08\/rovaniemi-2017_tyttohyppaa.jpg&#8221; background_hov_color_style=&#8221;image&#8221; overlay_color=&#8221;rgba(10,10,10,0.4)&#8221; bg_image_hov_effect=&#8221;blur&#8221; bg_stretch=&#8221;true&#8221;][mk_padding_divider size=&#8221;60&#8243;][vc_custom_heading text=&#8221;Sn\u00f6sports timplaner 6&#8243; font_container=&#8221;tag:h2|font_size:23|text_align:center|color:%23ffffff&#8221; use_theme_fonts=&#8221;yes&#8221; link=&#8221;url:https%3A%2F%2Flumilajitliikuttavat.fi%2Fwp-content%2Fuploads%2F2017%2F10%2Flumilajien-tuntisuunnitelmia_6.pdf|target:%20_blank|&#8221;][mk_font_icons icon=&#8221;mk-icon-search&#8221; color=&#8221;#ffffff&#8221; size=&#8221;medium&#8221; align=&#8221;center&#8221; link=&#8221;https:\/\/lumilajitliikuttavat.fi\/wp-content\/uploads\/2017\/10\/lumilajien-tuntisuunnitelmia_6.pdf&#8221; target=&#8221;_blank&#8221;][mk_padding_divider size=&#8221;60&#8243;][\/mk_custom_box][mk_padding_divider size=&#8221;20&#8243; visibility=&#8221;visible-sm&#8221;][\/vc_column][vc_column width=&#8221;1\/4&#8243;][mk_custom_box padding_horizental=&#8221;15&#8243; bg_image=&#8221;https:\/\/www.lumilajitliikuttavat.fi\/wp-content\/uploads\/2017\/08\/poytya-2017_lapsetharjoitteleelaskemista.jpg&#8221; background_hov_color_style=&#8221;image&#8221; overlay_color=&#8221;rgba(10,10,10,0.4)&#8221; bg_image_hov_effect=&#8221;blur&#8221; bg_stretch=&#8221;true&#8221;][mk_padding_divider size=&#8221;60&#8243;][vc_custom_heading text=&#8221;Tuiskus f\u00e4rgl\u00e4ggningsuppgifter&#8221; font_container=&#8221;tag:h2|font_size:23|text_align:center|color:%23ffffff&#8221; use_theme_fonts=&#8221;yes&#8221; link=&#8221;url:https%3A%2F%2Flumilajitliikuttavat.fi%2Fwp-content%2Fuploads%2F2017%2F10%2Ftuiskun_varitystehtavat.pdf|target:%20_blank|&#8221;][mk_font_icons icon=&#8221;mk-icon-search&#8221; color=&#8221;#ffffff&#8221; size=&#8221;medium&#8221; align=&#8221;center&#8221; link=&#8221;https:\/\/lumilajitliikuttavat.fi\/wp-content\/uploads\/2017\/10\/tuiskun_varitystehtavat.pdf&#8221; target=&#8221;_blank&#8221;][mk_padding_divider size=&#8221;32&#8243;][\/mk_custom_box][mk_padding_divider size=&#8221;20&#8243; visibility=&#8221;visible-sm&#8221;][\/vc_column][vc_column width=&#8221;1\/4&#8243;][mk_custom_box min_height=&#8221;74&#8243; bg_image=&#8221;https:\/\/www.lumilajitliikuttavat.fi\/wp-content\/uploads\/2017\/08\/n1_5285.jpg&#8221; background_hov_color_style=&#8221;image&#8221; overlay_color=&#8221;rgba(10,10,10,0.4)&#8221; bg_image_hov_effect=&#8221;blur&#8221; bg_stretch=&#8221;true&#8221;][mk_padding_divider size=&#8221;60&#8243;][vc_custom_heading text=&#8221;Prick kast-tavlans DIY anvisning&#8221; font_container=&#8221;tag:h2|font_size:23|text_align:center|color:%23ffffff&#8221; use_theme_fonts=&#8221;yes&#8221; link=&#8221;url:https%3A%2F%2Flumilajitliikuttavat.fi%2Fwp-content%2Fuploads%2F2017%2F10%2Ftarkkuusheittotaulut_diy_piirroskuvat.pdf|target:%20_blank|&#8221;][mk_font_icons icon=&#8221;mk-icon-search&#8221; color=&#8221;#ffffff&#8221; size=&#8221;medium&#8221; align=&#8221;center&#8221; link=&#8221;https:\/\/lumilajitliikuttavat.fi\/wp-content\/uploads\/2017\/10\/tarkkuusheittotaulut_diy_piirroskuvat.pdf&#8221; target=&#8221;_blank&#8221;][mk_padding_divider size=&#8221;32&#8243;][\/mk_custom_box][mk_padding_divider size=&#8221;20&#8243; visibility=&#8221;visible-sm&#8221;][\/vc_column][\/vc_row][vc_row][vc_column][mk_padding_divider size=&#8221;20&#8243; visibility=&#8221;hidden-sm&#8221;][\/vc_column][\/vc_row][vc_row][vc_column][mk_custom_box min_height=&#8221;74&#8243; bg_image=&#8221;https:\/\/www.lumilajitliikuttavat.fi\/wp-content\/uploads\/2017\/08\/ruka-2016_tuisku.jpg&#8221; background_hov_color_style=&#8221;image&#8221; overlay_color=&#8221;rgba(10,10,10,0.4)&#8221; bg_image_hov_effect=&#8221;blur&#8221; bg_stretch=&#8221;true&#8221;][mk_padding_divider][vc_custom_heading text=&#8221;Sn\u00f6sports spel, lek, stafett -guiden&#8221; font_container=&#8221;tag:h2|font_size:23|text_align:center|color:%23ffffff&#8221; use_theme_fonts=&#8221;yes&#8221; link=&#8221;url:https%3A%2F%2Flumilajitliikuttavat.fi%2Fwp-content%2Fuploads%2F2017%2F10%2Flumilajien-pelit-leikit-viestit-opas.pdf|target:%20_blank|&#8221;][mk_font_icons icon=&#8221;mk-icon-search&#8221; color=&#8221;#ffffff&#8221; size=&#8221;medium&#8221; align=&#8221;center&#8221; link=&#8221;https:\/\/lumilajitliikuttavat.fi\/wp-content\/uploads\/2017\/10\/lumilajien-pelit-leikit-viestit-opas.pdf&#8221; target=&#8221;_blank&#8221;][mk_padding_divider size=&#8221;30&#8243;][\/mk_custom_box][\/vc_column][\/vc_row][vc_row][vc_column][mk_padding_divider size=&#8221;60&#8243;][mk_padding_divider visibility=&#8221;hidden-sm&#8221;][\/vc_column][\/vc_row]\n<\/div>","protected":false},"excerpt":{"rendered":"<p>[mk_page_section bg_image=&#8221;https:\/\/www.lumilajitliikuttavat.fi\/wp-content\/uploads\/2017\/08\/n1_5061.jpg&#8221; bg_position=&#8221;center center&#8221; bg_repeat=&#8221;no-repeat&#8221; bg_stretch=&#8221;true&#8221; enable_3d=&#8221;true&#8221; video_color_mask=&#8221;#00b7ce&#8221; video_opacity=&#8221;0.4&#8243; full_width=&#8221;true&#8221; sidebar=&#8221;sidebar-1&#8243;][vc_column][mk_padding_divider size=&#8221;185&#8243;][mk_padding_divider size=&#8221;65&#8243; visibility=&#8221;hidden-sm&#8221;][mk_fancy_title strip_tags=&#8221;true&#8221; tag_name=&#8221;h1&#8243; color=&#8221;#ffffff&#8221; size=&#8221;55&#8243; force_font_size=&#8221;true&#8221; size_smallscreen=&#8221;&#8221; size_tablet=&#8221;45&#8243; size_phone=&#8221;40&#8243; font_weight=&#8221;600&#8243; margin_bottom=&#8221;0&#8243; font_family=&#8221;none&#8221; align=&#8221;center&#8221; animation=&#8221;fade-in&#8221;]Videor och st\u00f6dmaterial[\/mk_fancy_title][mk_padding_divider size=&#8221;125&#8243; visibility=&#8221;hidden-sm&#8221;][mk_padding_divider size=&#8221;125&#8243;][\/vc_column][\/mk_page_section][vc_row][vc_column][mk_padding_divider size=&#8221;45&#8243;][mk_padding_divider size=&#8221;25&#8243; visibility=&#8221;hidden-sm&#8221;][\/vc_column][\/vc_row][vc_row][vc_column width=&#8221;1\/2&#8243;][mk_fancy_title strip_tags=&#8221;true&#8221; color=&#8221;#c83575&#8243; size=&#8221;30&#8243; force_font_size=&#8221;true&#8221; size_smallscreen=&#8221;&#8221; size_tablet=&#8221;25&#8243; size_phone=&#8221;25&#8243; font_weight=&#8221;600&#8243; margin_bottom=&#8221;0&#8243; font_family=&#8221;none&#8221; responsive_align=&#8221;left&#8221;]\u00d6ver 60 skidskicklighetsvideor[\/mk_fancy_title][vc_column_text css=&#8221;.vc_custom_1666176870178{margin-bottom: 0px !important;}&#8221;]\u00d6ver 60 videor p\u00e5 [&hellip;]<\/p>\n","protected":false},"author":6,"featured_media":0,"parent":0,"menu_order":0,"comment_status":"closed","ping_status":"closed","template":"","meta":{"footnotes":""},"class_list":["post-2178","page","type-page","status-publish","hentry"],"aioseo_notices":[],"_links":{"self":[{"href":"https:\/\/www.lumilajitliikuttavat.fi\/sv\/wp-json\/wp\/v2\/pages\/2178","targetHints":{"allow":["GET"]}}],"collection":[{"href":"https:\/\/www.lumilajitliikuttavat.fi\/sv\/wp-json\/wp\/v2\/pages"}],"about":[{"href":"https:\/\/www.lumilajitliikuttavat.fi\/sv\/wp-json\/wp\/v2\/types\/page"}],"author":[{"embeddable":true,"href":"https:\/\/www.lumilajitliikuttavat.fi\/sv\/wp-json\/wp\/v2\/users\/6"}],"replies":[{"embeddable":true,"href":"https:\/\/www.lumilajitliikuttavat.fi\/sv\/wp-json\/wp\/v2\/comments?post=2178"}],"version-history":[{"count":21,"href":"https:\/\/www.lumilajitliikuttavat.fi\/sv\/wp-json\/wp\/v2\/pages\/2178\/revisions"}],"predecessor-version":[{"id":4229,"href":"https:\/\/www.lumilajitliikuttavat.fi\/sv\/wp-json\/wp\/v2\/pages\/2178\/revisions\/4229"}],"wp:attachment":[{"href":"https:\/\/www.lumilajitliikuttavat.fi\/sv\/wp-json\/wp\/v2\/media?parent=2178"}],"curies":[{"name":"wp","href":"https:\/\/api.w.org\/{rel}","templated":true}]}}